{"id":48,"date":"2016-05-10T03:48:21","date_gmt":"2016-05-10T03:48:21","guid":{"rendered":"http:\/\/roedkaergaard.dk\/?page_id=48\/"},"modified":"2026-03-02T21:52:53","modified_gmt":"2026-03-02T20:52:53","slug":"forside","status":"publish","type":"page","link":"https:\/\/roedkaergaard.dk\/en\/","title":{"rendered":"Home"},"content":{"rendered":"<p>[et_pb_section fb_built=&#8221;1&#8243; _builder_version=&#8221;4.16&#8243; min_height=&#8221;1390.4px&#8221; custom_margin=&#8221;||30px|||&#8221; transparent_background=&#8221;off&#8221; make_fullwidth=&#8221;off&#8221; use_custom_width=&#8221;off&#8221; width_unit=&#8221;on&#8221; global_colors_info=&#8221;{}&#8221;][et_pb_row _builder_version=&#8221;4.16&#8243; background_color=&#8221;#ffffff&#8221; background_size=&#8221;initial&#8221; background_position=&#8221;top_left&#8221; background_repeat=&#8221;repeat&#8221; width=&#8221;100%&#8221; make_fullwidth=&#8221;off&#8221; use_custom_width=&#8221;off&#8221; width_unit=&#8221;on&#8221; global_colors_info=&#8221;{}&#8221;][et_pb_column type=&#8221;4_4&#8243; _builder_version=&#8221;4.16&#8243; custom_padding=&#8221;|||&#8221; global_colors_info=&#8221;{}&#8221; custom_padding__hover=&#8221;|||&#8221;][et_pb_image src=&#8221;https:\/\/roedkaergaard.dk\/wp-content\/uploads\/2021\/05\/Indkoersel_overnatning-1.jpg&#8221; alt=&#8221;Bed and breakfast at fyn&#8221; title_text=&#8221;Indk\u00f8rsel_overnatning&#8221; _builder_version=&#8221;4.20.2&#8243; _module_preset=&#8221;default&#8221; min_height=&#8221;125.9px&#8221; custom_margin=&#8221;-44px|||||&#8221; custom_padding=&#8221;0px||1px|||&#8221; global_colors_info=&#8221;{}&#8221;][\/et_pb_image][\/et_pb_column][\/et_pb_row][et_pb_row _builder_version=&#8221;4.19.5&#8243; background_color=&#8221;#ffffff&#8221; background_size=&#8221;initial&#8221; background_position=&#8221;top_left&#8221; background_repeat=&#8221;repeat&#8221; width=&#8221;60%&#8221; module_alignment=&#8221;center&#8221; custom_margin=&#8221;0px|auto|0px|auto|true|false&#8221; custom_padding=&#8221;70px||0px||false|false&#8221; make_fullwidth=&#8221;off&#8221; use_custom_width=&#8221;off&#8221; width_unit=&#8221;on&#8221; global_colors_info=&#8221;{}&#8221;][et_pb_column type=&#8221;4_4&#8243; _builder_version=&#8221;4.16&#8243; custom_padding=&#8221;|||&#8221; global_colors_info=&#8221;{}&#8221; custom_padding__hover=&#8221;|||&#8221;][et_pb_text _builder_version=&#8221;4.27.6&#8243; background_size=&#8221;initial&#8221; background_position=&#8221;top_left&#8221; background_repeat=&#8221;repeat&#8221; text_orientation=&#8221;center&#8221; module_alignment=&#8221;center&#8221; custom_margin=&#8221;-172px|||||&#8221; custom_padding=&#8221;||68px|||&#8221; border_style=&#8221;solid&#8221; global_colors_info=&#8221;{}&#8221;][\/et_pb_text][et_pb_text _builder_version=&#8221;4.27.6&#8243; header_2_text_align=&#8221;center&#8221; background_size=&#8221;initial&#8221; background_position=&#8221;top_left&#8221; background_repeat=&#8221;repeat&#8221; text_orientation=&#8221;center&#8221; module_alignment=&#8221;center&#8221; min_height=&#8221;219.2px&#8221; custom_padding=&#8221;23px|||||&#8221; hover_enabled=&#8221;0&#8243; border_style=&#8221;solid&#8221; global_colors_info=&#8221;{}&#8221; sticky_enabled=&#8221;0&#8243;]<\/p>\n<h1 style=\"text-align: center;\">Accommodation close to Kerteminde<\/h1>\n<p>We offer accomodation for anyone who is travelling through or enjoying a minibreak in Denmark. R\u00f8dk\u00e6rg\u00e5rd is situated in a quiet and scenic area within a short walking distance through the fields to the inlet (Kerteminde fjord). If you bring your bicycle, there is every chance to get out and enjoy the beautiful surroundings.<\/p>\n<p>&nbsp;<\/p>\n<h2 style=\"text-align: center;\">Accommodation and minibreaks at the old family farm<\/h2>\n<p>It has been a while since we had traditional farming at R\u00f8dk\u00e6rg\u00e5rd. The big cowshed with the hayloft is now used for a completely different purpose. R\u00f8dk\u00e6rg\u00e5rd has been adapted so that it today accomodates guests for shorter and longer stays.<\/p>\n<p>&nbsp;<\/p>\n<p><span style=\"font-size: x-large;\">Call us at +45 6128 0714 or send us an email<\/span><\/p>\n<p style=\"text-align: center;\"><a href=\"mailto:info@roedkaergaard.dk\">info@roedkaergaard.dk<\/a><\/p>\n<p>[\/et_pb_text][et_pb_divider color=&#8221;#e5e5e5&#8243; disabled_on=&#8221;on|on|off&#8221; _builder_version=&#8221;4.16&#8243; height=&#8221;20px&#8221; hide_on_mobile=&#8221;on&#8221; global_colors_info=&#8221;{}&#8221;][\/et_pb_divider][\/et_pb_column][\/et_pb_row][et_pb_row column_structure=&#8221;1_3,1_3,1_3&#8243; _builder_version=&#8221;4.19.5&#8243; background_size=&#8221;initial&#8221; background_position=&#8221;top_left&#8221; background_repeat=&#8221;repeat&#8221; min_height=&#8221;630.3px&#8221; custom_margin=&#8221;50px|auto||auto|false|false&#8221; make_fullwidth=&#8221;off&#8221; use_custom_width=&#8221;off&#8221; width_unit=&#8221;on&#8221; global_colors_info=&#8221;{}&#8221;][et_pb_column type=&#8221;1_3&#8243; _builder_version=&#8221;4.16&#8243; background_color=&#8221;#ffffff&#8221; custom_padding=&#8221;20px|20px|20px|20px&#8221; box_shadow_style=&#8221;preset1&#8243; global_colors_info=&#8221;{}&#8221; custom_padding__hover=&#8221;|||&#8221;][et_pb_text _builder_version=&#8221;4.20.4&#8243; background_size=&#8221;initial&#8221; background_position=&#8221;top_left&#8221; background_repeat=&#8221;repeat&#8221; module_alignment=&#8221;left&#8221; use_border_color=&#8221;off&#8221; border_color=&#8221;#ffffff&#8221; border_style=&#8221;solid&#8221; global_colors_info=&#8221;{}&#8221;]<\/p>\n<h2 style=\"text-align: center;\">Room with your own private bathroom<\/h2>\n<p>[\/et_pb_text][et_pb_image src=&#8221;https:\/\/roedkaergaard.dk\/wp-content\/uploads\/2023\/01\/Aftenstemning-vaerelse.jpg&#8221; alt=&#8221;room&#8221; title_text=&#8221;Aftenstemning v\u00e6relse&#8221; url=&#8221;\/?page_id=117&#8243; align=&#8221;center&#8221; align_tablet=&#8221;center&#8221; align_phone=&#8221;&#8221; align_last_edited=&#8221;on|desktop&#8221; _builder_version=&#8221;4.20.2&#8243; use_border_color=&#8221;off&#8221; global_colors_info=&#8221;{}&#8221;][\/et_pb_image][et_pb_text _builder_version=&#8221;4.17.4&#8243; background_size=&#8221;initial&#8221; background_position=&#8221;top_left&#8221; background_repeat=&#8221;repeat&#8221; module_alignment=&#8221;left&#8221; use_border_color=&#8221;off&#8221; global_colors_info=&#8221;{}&#8221;]<\/p>\n<p>On the first floor, above the big dining room, we have transformed the old hayloft into 4 bright bedrooms. They all have double beds, private bathroom and toilet. The rooms face west with spectacular views to the inlet and beautiful sunsets.<\/p>\n<p style=\"text-align: center;\"><span style=\"color: #2ea3f2;\"><span style=\"font-family: Arial;\"><span style=\"font-size: medium;\"><a href=\"https:\/\/roedkaergaard.dk\/en\/rooms\/\"><b><\/b>Find more details about our rooms here<\/a><\/span><\/span><\/span><\/p>\n<p>[\/et_pb_text][\/et_pb_column][et_pb_column type=&#8221;1_3&#8243; _builder_version=&#8221;4.19.5&#8243; background_color=&#8221;#ffffff&#8221; custom_padding=&#8221;20px|20px|20px|20px&#8221; box_shadow_style=&#8221;preset1&#8243; global_colors_info=&#8221;{}&#8221; custom_padding__hover=&#8221;|||&#8221;][et_pb_text _builder_version=&#8221;4.20.4&#8243; background_size=&#8221;initial&#8221; background_position=&#8221;top_left&#8221; background_repeat=&#8221;repeat&#8221; module_alignment=&#8221;left&#8221; use_border_color=&#8221;off&#8221; border_color=&#8221;#ffffff&#8221; border_style=&#8221;solid&#8221; global_colors_info=&#8221;{}&#8221;]<\/p>\n<h2 style=\"text-align: center;\">Two Holiday Homes with lovely view<\/h2>\n<p>[\/et_pb_text][et_pb_image src=&#8221;https:\/\/roedkaergaard.dk\/wp-content\/uploads\/2023\/01\/Fjorden-fra-Roedkaergaard.jpg&#8221; alt=&#8221;Accommodation at Fyn&#8221; title_text=&#8221;Accomodation&#8221; url=&#8221;\/?page_id=197&#8243; align_tablet=&#8221;center&#8221; align_phone=&#8221;&#8221; align_last_edited=&#8221;on|desktop&#8221; _builder_version=&#8221;4.20.2&#8243; use_border_color=&#8221;off&#8221; global_colors_info=&#8221;{}&#8221;][\/et_pb_image][et_pb_text _builder_version=&#8221;4.20.0&#8243; background_size=&#8221;initial&#8221; background_position=&#8221;top_left&#8221; background_repeat=&#8221;repeat&#8221; module_alignment=&#8221;left&#8221; border_style=&#8221;solid&#8221; global_colors_info=&#8221;{}&#8221;]<\/p>\n<p>At R\u00f8dk\u00e6rg\u00e5rd we rent out two small houses. They are equipped with all modern facilities and have panoramic views to the inlet. They can take up to 4 persons. You will be able to prepare meals in your own kitchen and the bathrooms are bright and have a shower.<\/p>\n<p style=\"text-align: center;\"><a href=\"https:\/\/roedkaergaard.dk\/en\/holiday-home-north\/\">Find out more about Holiday House North here<\/a><\/p>\n<p style=\"text-align: center;\"><a href=\"https:\/\/roedkaergaard.dk\/en\/holiday-house-south\/\">Discover Holiday House South<\/a><\/p>\n<p style=\"text-align: center;\">[\/et_pb_text][\/et_pb_column][et_pb_column type=&#8221;1_3&#8243; _builder_version=&#8221;4.16&#8243; background_color=&#8221;#ffffff&#8221; custom_padding=&#8221;20px|20px|20px|20px&#8221; box_shadow_style=&#8221;preset1&#8243; global_colors_info=&#8221;{}&#8221; custom_padding__hover=&#8221;|||&#8221;][et_pb_text _builder_version=&#8221;4.20.4&#8243; background_size=&#8221;initial&#8221; background_position=&#8221;top_left&#8221; background_repeat=&#8221;repeat&#8221; module_alignment=&#8221;left&#8221; use_border_color=&#8221;off&#8221; border_color=&#8221;#ffffff&#8221; border_style=&#8221;solid&#8221; global_colors_info=&#8221;{}&#8221;]<\/p>\n<h2 style=\"text-align: center;\">Apartments in idyllic surroundings<\/h2>\n<p>[\/et_pb_text][et_pb_image src=&#8221;https:\/\/roedkaergaard.dk\/wp-content\/uploads\/2023\/01\/Ferielejlighed-med-terrasse.jpg&#8221; alt=&#8221;Apartments for holiday&#8221; title_text=&#8221;Ferielejlighed med terrasse&#8221; url=&#8221;https:\/\/roedkaergaard.dk\/en\/?page_id=2386&#8243; align_tablet=&#8221;center&#8221; align_phone=&#8221;&#8221; align_last_edited=&#8221;on|desktop&#8221; _builder_version=&#8221;4.20.2&#8243; min_height=&#8221;213px&#8221; use_border_color=&#8221;off&#8221; global_colors_info=&#8221;{}&#8221;][\/et_pb_image][et_pb_text _builder_version=&#8221;4.20.0&#8243; background_size=&#8221;initial&#8221; background_position=&#8221;top_left&#8221; background_repeat=&#8221;repeat&#8221; module_alignment=&#8221;left&#8221; use_border_color=&#8221;off&#8221; border_color=&#8221;#ffffff&#8221; border_style=&#8221;solid&#8221; global_colors_info=&#8221;{}&#8221;]<\/p>\n<p>Accommodation close to Kerteminde. we have two apartments with a terrace facing the old garden. The apartments are furnished so that you can spend the night for several days. They can take up to 4 persons as well as the two houses.<\/p>\n<p style=\"text-align: center;\"><a href=\"https:\/\/roedkaergaard.dk\/en\/holiday-apartment\/\">Discover the apartments<\/a><\/p>\n<p style=\"text-align: center;\">[\/et_pb_text][\/et_pb_column][\/et_pb_row][\/et_pb_section][et_pb_section fb_built=&#8221;1&#8243; _builder_version=&#8221;4.16&#8243; background_color=&#8221;#f3efe2&#8243; transparent_background=&#8221;off&#8221; make_fullwidth=&#8221;off&#8221; use_custom_width=&#8221;off&#8221; width_unit=&#8221;on&#8221; global_colors_info=&#8221;{}&#8221;][et_pb_row _builder_version=&#8221;4.16&#8243; background_size=&#8221;initial&#8221; background_position=&#8221;top_left&#8221; background_repeat=&#8221;repeat&#8221; min_height=&#8221;290.7px&#8221; box_shadow_style=&#8221;preset1&#8243; make_fullwidth=&#8221;off&#8221; use_custom_width=&#8221;off&#8221; width_unit=&#8221;on&#8221; global_colors_info=&#8221;{}&#8221;][et_pb_column type=&#8221;4_4&#8243; _builder_version=&#8221;4.16&#8243; background_color=&#8221;#ffffff&#8221; custom_padding=&#8221;10px|10px|10px|10px&#8221; global_colors_info=&#8221;{}&#8221; custom_padding__hover=&#8221;|||&#8221;][et_pb_gallery gallery_ids=&#8221;3978,3957,3903,3891,3885,3876,3732,3867,3840,3849,3861,3882,3933,3846,3819&#8243; show_title_and_caption=&#8221;off&#8221; zoom_icon_color=&#8221;#f7f7f7&#8243; hover_overlay_color=&#8221;rgba(255,255,255,0)&#8221; hover_icon=&#8221;&#x54;||divi||400&#8243; _builder_version=&#8221;4.16&#8243; use_border_color=&#8221;off&#8221; global_colors_info=&#8221;{}&#8221;][\/et_pb_gallery][\/et_pb_column][\/et_pb_row][et_pb_row _builder_version=&#8221;4.19.5&#8243; _module_preset=&#8221;default&#8221; width=&#8221;60%&#8221; global_colors_info=&#8221;{}&#8221;][et_pb_column type=&#8221;4_4&#8243; _builder_version=&#8221;4.19.5&#8243; _module_preset=&#8221;default&#8221; global_colors_info=&#8221;{}&#8221;][et_pb_divider color=&#8221;RGBA(255,255,255,0)&#8221; _builder_version=&#8221;4.19.5&#8243; _module_preset=&#8221;default&#8221; global_colors_info=&#8221;{}&#8221;][\/et_pb_divider][et_pb_testimonial author=&#8221;Thera &#038; Ben&#8221; company_name=&#8221;Holland&#8221; _builder_version=&#8221;4.19.5&#8243; _module_preset=&#8221;default&#8221; body_font=&#8221;Beau Rivage|700|||||||&#8221; body_text_color=&#8221;#0B4A7A&#8221; body_font_size=&#8221;26px&#8221; body_letter_spacing=&#8221;3px&#8221; author_text_color=&#8221;#0B4A7A&#8221; company_text_color=&#8221;#0B4A7A&#8221; background_color=&#8221;#FFFFFF&#8221; global_colors_info=&#8221;{}&#8221;]<\/p>\n<p>Thank you for your warm welcome. Perfect place, privacy, fine breakfast. Pia, always made suggestions to visit a place when we where biking.<\/p>\n<p>Thanks again and take care.<\/p>\n<p>[\/et_pb_testimonial][et_pb_divider color=&#8221;RGBA(255,255,255,0)&#8221; _builder_version=&#8221;4.19.5&#8243; _module_preset=&#8221;default&#8221; global_colors_info=&#8221;{}&#8221;][\/et_pb_divider][et_pb_text _builder_version=&#8221;4.19.5&#8243; _module_preset=&#8221;default&#8221; global_colors_info=&#8221;{}&#8221;]<\/p>\n<p>Accommodation close to Kerteminde and a desire for good cycling experiences? &#8211; then we are happy to give tips for beautiful routes. We are happy to help with paper as well as <a href=\"https:\/\/udinaturen.dk\/#%7B\" target=\"_blank\" rel=\"noopener\">digital cards<\/a>.<\/p>\n<p>[\/et_pb_text][\/et_pb_column][\/et_pb_row][\/et_pb_section]<\/p>\n","protected":false},"excerpt":{"rendered":"<p>Accommodation close to Kerteminde We offer accomodation for anyone who is travelling through or enjoying a minibreak in Denmark. R\u00f8dk\u00e6rg\u00e5rd is situated in a quiet and scenic area within a short walking distance through the fields to the inlet (Kerteminde fjord). If you bring your bicycle, there is every chance to get out and enjoy [&hellip;]<\/p>\n","protected":false},"author":2,"featured_media":7720,"parent":0,"menu_order":0,"comment_status":"closed","ping_status":"closed","template":"","meta":{"_et_pb_use_builder":"on","_et_pb_old_content":"","_et_gb_content_width":"","footnotes":""},"class_list":["post-48","page","type-page","status-publish","has-post-thumbnail","hentry"],"yoast_head":"<!-- This site is optimized with the Yoast SEO plugin v27.3 - https:\/\/yoast.com\/product\/yoast-seo-wordpress\/ -->\n<title>Accommodation close to Kerteminde in idyllic and peaceful surroundings<\/title>\n<meta name=\"description\" content=\"Holiday homes and rooms, all with private bath and toilet. Stay close to Kerteminde on old family farm with beautiful views of Kerteminde Fjord.\" \/>\n<meta name=\"robots\" content=\"index, follow, max-snippet:-1, max-image-preview:large, max-video-preview:-1\" \/>\n<link rel=\"canonical\" href=\"https:\/\/roedkaergaard.dk\/en\/\" \/>\n<meta property=\"og:locale\" content=\"en_US\" \/>\n<meta property=\"og:type\" content=\"article\" \/>\n<meta property=\"og:title\" content=\"Accommodation close to Kerteminde in idyllic and peaceful surroundings\" \/>\n<meta property=\"og:description\" content=\"Holiday homes and rooms, all with private bath and toilet. Stay close to Kerteminde on old family farm with beautiful views of Kerteminde Fjord.\" \/>\n<meta property=\"og:url\" content=\"https:\/\/roedkaergaard.dk\/en\/\" \/>\n<meta property=\"og:site_name\" content=\"Overnatning n\u00e6r Kerteminde\" \/>\n<meta property=\"article:publisher\" content=\"https:\/\/www.facebook.com\/roedkaergaard\" \/>\n<meta property=\"article:modified_time\" content=\"2026-03-02T20:52:53+00:00\" \/>\n<meta property=\"og:image\" content=\"https:\/\/roedkaergaard.dk\/wp-content\/uploads\/Indkoersel-overnatning.webp\" \/>\n\t<meta property=\"og:image:width\" content=\"600\" \/>\n\t<meta property=\"og:image:height\" content=\"450\" \/>\n\t<meta property=\"og:image:type\" content=\"image\/webp\" \/>\n<meta name=\"twitter:card\" content=\"summary_large_image\" \/>\n<meta name=\"twitter:label1\" content=\"Est. reading time\" \/>\n\t<meta name=\"twitter:data1\" content=\"6 minutes\" \/>\n<script type=\"application\/ld+json\" class=\"yoast-schema-graph\">{\"@context\":\"https:\\\/\\\/schema.org\",\"@graph\":[{\"@type\":\"WebPage\",\"@id\":\"https:\\\/\\\/roedkaergaard.dk\\\/en\\\/\",\"url\":\"https:\\\/\\\/roedkaergaard.dk\\\/en\\\/\",\"name\":\"Accommodation close to Kerteminde in idyllic and peaceful surroundings\",\"isPartOf\":{\"@id\":\"https:\\\/\\\/roedkaergaard.dk\\\/en\\\/#website\"},\"primaryImageOfPage\":{\"@id\":\"https:\\\/\\\/roedkaergaard.dk\\\/en\\\/#primaryimage\"},\"image\":{\"@id\":\"https:\\\/\\\/roedkaergaard.dk\\\/en\\\/#primaryimage\"},\"thumbnailUrl\":\"https:\\\/\\\/roedkaergaard.dk\\\/wp-content\\\/uploads\\\/Indkoersel-overnatning.webp\",\"datePublished\":\"2016-05-10T03:48:21+00:00\",\"dateModified\":\"2026-03-02T20:52:53+00:00\",\"description\":\"Holiday homes and rooms, all with private bath and toilet. Stay close to Kerteminde on old family farm with beautiful views of Kerteminde Fjord.\",\"breadcrumb\":{\"@id\":\"https:\\\/\\\/roedkaergaard.dk\\\/en\\\/#breadcrumb\"},\"inLanguage\":\"en-US\",\"potentialAction\":[{\"@type\":\"ReadAction\",\"target\":[\"https:\\\/\\\/roedkaergaard.dk\\\/en\\\/\"]}]},{\"@type\":\"ImageObject\",\"inLanguage\":\"en-US\",\"@id\":\"https:\\\/\\\/roedkaergaard.dk\\\/en\\\/#primaryimage\",\"url\":\"https:\\\/\\\/roedkaergaard.dk\\\/wp-content\\\/uploads\\\/Indkoersel-overnatning.webp\",\"contentUrl\":\"https:\\\/\\\/roedkaergaard.dk\\\/wp-content\\\/uploads\\\/Indkoersel-overnatning.webp\",\"width\":600,\"height\":450,\"caption\":\"Indk\u00f8rsel overnatning p\u00e5 R\u00f8dk\u00e6rg\u00e5rd B&B\"},{\"@type\":\"BreadcrumbList\",\"@id\":\"https:\\\/\\\/roedkaergaard.dk\\\/en\\\/#breadcrumb\",\"itemListElement\":[{\"@type\":\"ListItem\",\"position\":1,\"name\":\"Hjem\",\"item\":\"https:\\\/\\\/roedkaergaard.dk\\\/en\\\/\"},{\"@type\":\"ListItem\",\"position\":2,\"name\":\"Home\"}]},{\"@type\":\"WebSite\",\"@id\":\"https:\\\/\\\/roedkaergaard.dk\\\/en\\\/#website\",\"url\":\"https:\\\/\\\/roedkaergaard.dk\\\/en\\\/\",\"name\":\"Overnatning n\u00e6r Kerteminde\",\"description\":\"Et godt sted at overnatte, t\u00e6t p\u00e5 byen, p\u00e5 landet\",\"publisher\":{\"@id\":\"https:\\\/\\\/roedkaergaard.dk\\\/en\\\/#organization\"},\"potentialAction\":[{\"@type\":\"SearchAction\",\"target\":{\"@type\":\"EntryPoint\",\"urlTemplate\":\"https:\\\/\\\/roedkaergaard.dk\\\/en\\\/?s={search_term_string}\"},\"query-input\":{\"@type\":\"PropertyValueSpecification\",\"valueRequired\":true,\"valueName\":\"search_term_string\"}}],\"inLanguage\":\"en-US\"},{\"@type\":\"Organization\",\"@id\":\"https:\\\/\\\/roedkaergaard.dk\\\/en\\\/#organization\",\"name\":\"Overnatning n\u00e6r Kerteminde\",\"url\":\"https:\\\/\\\/roedkaergaard.dk\\\/en\\\/\",\"logo\":{\"@type\":\"ImageObject\",\"inLanguage\":\"en-US\",\"@id\":\"https:\\\/\\\/roedkaergaard.dk\\\/en\\\/#\\\/schema\\\/logo\\\/image\\\/\",\"url\":\"https:\\\/\\\/roedkaergaard.dk\\\/wp-content\\\/uploads\\\/2017\\\/04\\\/logo-roedkaregard-overnatning.png\",\"contentUrl\":\"https:\\\/\\\/roedkaergaard.dk\\\/wp-content\\\/uploads\\\/2017\\\/04\\\/logo-roedkaregard-overnatning.png\",\"width\":800,\"height\":230,\"caption\":\"Overnatning n\u00e6r Kerteminde\"},\"image\":{\"@id\":\"https:\\\/\\\/roedkaergaard.dk\\\/en\\\/#\\\/schema\\\/logo\\\/image\\\/\"},\"sameAs\":[\"https:\\\/\\\/www.facebook.com\\\/roedkaergaard\",\"https:\\\/\\\/www.instagram.com\\\/roedkaergaard_bedandbreakfast\\\/\"]}]}<\/script>\n<!-- \/ Yoast SEO plugin. -->","yoast_head_json":{"title":"Accommodation close to Kerteminde in idyllic and peaceful surroundings","description":"Holiday homes and rooms, all with private bath and toilet. Stay close to Kerteminde on old family farm with beautiful views of Kerteminde Fjord.","robots":{"index":"index","follow":"follow","max-snippet":"max-snippet:-1","max-image-preview":"max-image-preview:large","max-video-preview":"max-video-preview:-1"},"canonical":"https:\/\/roedkaergaard.dk\/en\/","og_locale":"en_US","og_type":"article","og_title":"Accommodation close to Kerteminde in idyllic and peaceful surroundings","og_description":"Holiday homes and rooms, all with private bath and toilet. Stay close to Kerteminde on old family farm with beautiful views of Kerteminde Fjord.","og_url":"https:\/\/roedkaergaard.dk\/en\/","og_site_name":"Overnatning n\u00e6r Kerteminde","article_publisher":"https:\/\/www.facebook.com\/roedkaergaard","article_modified_time":"2026-03-02T20:52:53+00:00","og_image":[{"width":600,"height":450,"url":"https:\/\/roedkaergaard.dk\/wp-content\/uploads\/Indkoersel-overnatning.webp","type":"image\/webp"}],"twitter_card":"summary_large_image","twitter_misc":{"Est. reading time":"6 minutes"},"schema":{"@context":"https:\/\/schema.org","@graph":[{"@type":"WebPage","@id":"https:\/\/roedkaergaard.dk\/en\/","url":"https:\/\/roedkaergaard.dk\/en\/","name":"Accommodation close to Kerteminde in idyllic and peaceful surroundings","isPartOf":{"@id":"https:\/\/roedkaergaard.dk\/en\/#website"},"primaryImageOfPage":{"@id":"https:\/\/roedkaergaard.dk\/en\/#primaryimage"},"image":{"@id":"https:\/\/roedkaergaard.dk\/en\/#primaryimage"},"thumbnailUrl":"https:\/\/roedkaergaard.dk\/wp-content\/uploads\/Indkoersel-overnatning.webp","datePublished":"2016-05-10T03:48:21+00:00","dateModified":"2026-03-02T20:52:53+00:00","description":"Holiday homes and rooms, all with private bath and toilet. Stay close to Kerteminde on old family farm with beautiful views of Kerteminde Fjord.","breadcrumb":{"@id":"https:\/\/roedkaergaard.dk\/en\/#breadcrumb"},"inLanguage":"en-US","potentialAction":[{"@type":"ReadAction","target":["https:\/\/roedkaergaard.dk\/en\/"]}]},{"@type":"ImageObject","inLanguage":"en-US","@id":"https:\/\/roedkaergaard.dk\/en\/#primaryimage","url":"https:\/\/roedkaergaard.dk\/wp-content\/uploads\/Indkoersel-overnatning.webp","contentUrl":"https:\/\/roedkaergaard.dk\/wp-content\/uploads\/Indkoersel-overnatning.webp","width":600,"height":450,"caption":"Indk\u00f8rsel overnatning p\u00e5 R\u00f8dk\u00e6rg\u00e5rd B&B"},{"@type":"BreadcrumbList","@id":"https:\/\/roedkaergaard.dk\/en\/#breadcrumb","itemListElement":[{"@type":"ListItem","position":1,"name":"Hjem","item":"https:\/\/roedkaergaard.dk\/en\/"},{"@type":"ListItem","position":2,"name":"Home"}]},{"@type":"WebSite","@id":"https:\/\/roedkaergaard.dk\/en\/#website","url":"https:\/\/roedkaergaard.dk\/en\/","name":"Overnatning n\u00e6r Kerteminde","description":"Et godt sted at overnatte, t\u00e6t p\u00e5 byen, p\u00e5 landet","publisher":{"@id":"https:\/\/roedkaergaard.dk\/en\/#organization"},"potentialAction":[{"@type":"SearchAction","target":{"@type":"EntryPoint","urlTemplate":"https:\/\/roedkaergaard.dk\/en\/?s={search_term_string}"},"query-input":{"@type":"PropertyValueSpecification","valueRequired":true,"valueName":"search_term_string"}}],"inLanguage":"en-US"},{"@type":"Organization","@id":"https:\/\/roedkaergaard.dk\/en\/#organization","name":"Overnatning n\u00e6r Kerteminde","url":"https:\/\/roedkaergaard.dk\/en\/","logo":{"@type":"ImageObject","inLanguage":"en-US","@id":"https:\/\/roedkaergaard.dk\/en\/#\/schema\/logo\/image\/","url":"https:\/\/roedkaergaard.dk\/wp-content\/uploads\/2017\/04\/logo-roedkaregard-overnatning.png","contentUrl":"https:\/\/roedkaergaard.dk\/wp-content\/uploads\/2017\/04\/logo-roedkaregard-overnatning.png","width":800,"height":230,"caption":"Overnatning n\u00e6r Kerteminde"},"image":{"@id":"https:\/\/roedkaergaard.dk\/en\/#\/schema\/logo\/image\/"},"sameAs":["https:\/\/www.facebook.com\/roedkaergaard","https:\/\/www.instagram.com\/roedkaergaard_bedandbreakfast\/"]}]}},"_links":{"self":[{"href":"https:\/\/roedkaergaard.dk\/en\/wp-json\/wp\/v2\/pages\/48","targetHints":{"allow":["GET"]}}],"collection":[{"href":"https:\/\/roedkaergaard.dk\/en\/wp-json\/wp\/v2\/pages"}],"about":[{"href":"https:\/\/roedkaergaard.dk\/en\/wp-json\/wp\/v2\/types\/page"}],"author":[{"embeddable":true,"href":"https:\/\/roedkaergaard.dk\/en\/wp-json\/wp\/v2\/users\/2"}],"replies":[{"embeddable":true,"href":"https:\/\/roedkaergaard.dk\/en\/wp-json\/wp\/v2\/comments?post=48"}],"version-history":[{"count":98,"href":"https:\/\/roedkaergaard.dk\/en\/wp-json\/wp\/v2\/pages\/48\/revisions"}],"predecessor-version":[{"id":8236,"href":"https:\/\/roedkaergaard.dk\/en\/wp-json\/wp\/v2\/pages\/48\/revisions\/8236"}],"wp:featuredmedia":[{"embeddable":true,"href":"https:\/\/roedkaergaard.dk\/en\/wp-json\/wp\/v2\/media\/7720"}],"wp:attachment":[{"href":"https:\/\/roedkaergaard.dk\/en\/wp-json\/wp\/v2\/media?parent=48"}],"curies":[{"name":"wp","href":"https:\/\/api.w.org\/{rel}","templated":true}]}}