{"id":4604,"date":"2020-03-03T12:38:01","date_gmt":"2020-03-03T11:38:01","guid":{"rendered":"http:\/\/roedkaergaard.dk\/contact\/"},"modified":"2023-03-22T17:07:38","modified_gmt":"2023-03-22T16:07:38","slug":"contact","status":"publish","type":"page","link":"https:\/\/roedkaergaard.dk\/en\/contact\/","title":{"rendered":"Contact"},"content":{"rendered":"<p>[et_pb_section fb_built=&#8221;1&#8243; admin_label=&#8221;section&#8221; _builder_version=&#8221;4.16&#8243; transparent_background=&#8221;off&#8221; make_fullwidth=&#8221;off&#8221; use_custom_width=&#8221;off&#8221; width_unit=&#8221;off&#8221; global_colors_info=&#8221;{}&#8221;][et_pb_row column_structure=&#8221;1_2,1_2&#8243; admin_label=&#8221;row&#8221; _builder_version=&#8221;4.16&#8243; background_size=&#8221;initial&#8221; background_position=&#8221;top_left&#8221; background_repeat=&#8221;repeat&#8221; make_fullwidth=&#8221;off&#8221; use_custom_width=&#8221;off&#8221; width_unit=&#8221;off&#8221; global_colors_info=&#8221;{}&#8221;][et_pb_column type=&#8221;1_2&#8243; _builder_version=&#8221;4.16&#8243; custom_padding=&#8221;|||&#8221; global_colors_info=&#8221;{}&#8221; custom_padding__hover=&#8221;|||&#8221;][et_pb_text _builder_version=&#8221;4.20.2&#8243; background_size=&#8221;initial&#8221; background_position=&#8221;top_left&#8221; background_repeat=&#8221;repeat&#8221; module_alignment=&#8221;left&#8221; global_colors_info=&#8221;{}&#8221;]<\/p>\n<h1 lang=\"en-US\">Contact us by mail or phone<\/h1>\n<h3 lang=\"en-US\">\u2013 we will get back to you as soon as we can<\/h3>\n<p lang=\"en-US\">Contact us by <a href=\"mailto:info@roedkaergaard.dk\">mail<\/a> or phone <a href=\"tel:+4561280714\">+45 6128 0714<\/a>, when you want to book a room, a holiday house or apartment or a space for your motorhome. We are also happy to provide you with more info on kayak rentals or reply to any other question you might have.<\/p>\n<p lang=\"en-US\">Please make sure that you provide us with the correct email address. Otherwise, our answer might get stuck somewhere in the system and will not reach you \u2013 we have tried that a couple of times. If relevant, you can provide us with your cell phone number as well. Then we can send you a text, if necessary.<\/p>\n<p>[\/et_pb_text][et_pb_code admin_label=&#8221;Kode googlemap&#8221; _builder_version=&#8221;4.20.2&#8243; background_color=&#8221;RGBA(255,255,255,0)&#8221; text_orientation=&#8221;center&#8221; width=&#8221;100%&#8221; max_width=&#8221;100%&#8221; module_alignment=&#8221;center&#8221; border_width_all=&#8221;27px&#8221; border_color_all=&#8221;rgba(118,187,252,0)&#8221; global_colors_info=&#8221;{}&#8221;]<pee><iframe style=\"border: 0;\" data-src=\"https:\/\/www.google.com\/maps\/embed?pb=!1m18!1m12!1m3!1d72400.17068040042!2d10.613926351506404!3d55.453856780378594!2m3!1f0!2f0!3f0!3m2!1i1024!2i768!4f13.1!3m3!1m2!1s0x464d1998bb5d38db%3A0x57b52a2f38467aa4!2zUsO4ZGvDpnJnw6VyZCBCZWQgJiBCcmVha2Zhc3Q!5e0!3m2!1sda!2sdk!4v1494689139382\" width=\"600\" height=\"250\" frameborder=\"0\" allowfullscreen=\"allowfullscreen\" src=\"data:image\/svg+xml;base64,PHN2ZyB3aWR0aD0iMSIgaGVpZ2h0PSIxIiB4bWxucz0iaHR0cDovL3d3dy53My5vcmcvMjAwMC9zdmciPjwvc3ZnPg==\" class=\"lazyload\" data-load-mode=\"1\"><\/iframe><\/pee>[\/et_pb_code][\/et_pb_column][et_pb_column type=&#8221;1_2&#8243; _builder_version=&#8221;4.16&#8243; custom_padding=&#8221;|||&#8221; global_colors_info=&#8221;{}&#8221; custom_padding__hover=&#8221;|||&#8221;][et_pb_text _builder_version=&#8221;4.17.4&#8243; background_size=&#8221;initial&#8221; background_position=&#8221;top_left&#8221; background_repeat=&#8221;repeat&#8221; module_alignment=&#8221;left&#8221; global_colors_info=&#8221;{}&#8221;]<\/p>\n<h2 lang=\"en-US\">Close to Kerteminde<\/h2>\n<p lang=\"en-US\">You\u2019ll find us in the countryside, no more than 5 minutes by car from Kerteminde.<\/p>\n<p><span lang=\"en-US\">Kerteminde has a cozy city center with shops, restaurants and several museums. The harbour, the marina and not least two of the best bathing beaches on Funen, the North Beach and the South Beach, are also within a short distance. If you bring your bike, y<\/span><span lang=\"en-US\">ou can reach any of those places <\/span><span lang=\"en-US\">in just 10 minutes, giving you the chance to walk around the small cozy streets without the hassle of finding a parking spot for the car.<\/span><\/p>\n<p>[\/et_pb_text][et_pb_image src=&#8221;https:\/\/roedkaergaard.dk\/wp-content\/uploads\/2023\/03\/Roedkaergaard-and-Kerteminde-seen-from-the-air.webp&#8221; alt=&#8221;R\u00f8dk\u00e6rg\u00e5rd B&#038;B and Kerteminde seen from the air&#8221; title_text=&#8221;R\u00f8dk\u00e6rg\u00e5rd and Kerteminde seen from the air&#8221; show_in_lightbox=&#8221;on&#8221; align=&#8221;center&#8221; align_tablet=&#8221;center&#8221; align_phone=&#8221;&#8221; align_last_edited=&#8221;on|desktop&#8221; _builder_version=&#8221;4.20.2&#8243; use_border_color=&#8221;off&#8221; border_color=&#8221;#ffffff&#8221; border_style=&#8221;solid&#8221; animation=&#8221;off&#8221; sticky=&#8221;off&#8221; always_center_on_mobile=&#8221;on&#8221; global_colors_info=&#8221;{}&#8221;][\/et_pb_image][\/et_pb_column][\/et_pb_row][\/et_pb_section]<\/p>\n","protected":false},"excerpt":{"rendered":"<p>Contact us by mail or phone \u2013 we will get back to you as soon as we can Contact us by mail or phone +45 6128 0714, when you want to book a room, a holiday house or apartment or a space for your motorhome. We are also happy to provide you with more info [&hellip;]<\/p>\n","protected":false},"author":3,"featured_media":0,"parent":0,"menu_order":0,"comment_status":"closed","ping_status":"closed","template":"","meta":{"_et_pb_use_builder":"on","_et_pb_old_content":"","_et_gb_content_width":"","footnotes":""},"class_list":["post-4604","page","type-page","status-publish","hentry"],"yoast_head":"<!-- This site is optimized with the Yoast SEO plugin v27.4 - https:\/\/yoast.com\/product\/yoast-seo-wordpress\/ -->\n<title>Contact R\u00f8dk\u00e6rg\u00e5rd for accommodation questions<\/title>\n<meta name=\"description\" content=\"Contact us by mail or phone if you have any questions about accommodation, kayak rentals or motorhomes. We will respond as soon as we can.\" \/>\n<meta name=\"robots\" content=\"index, follow, max-snippet:-1, max-image-preview:large, max-video-preview:-1\" \/>\n<link rel=\"canonical\" href=\"https:\/\/roedkaergaard.dk\/en\/contact\/\" \/>\n<meta property=\"og:locale\" content=\"en_US\" \/>\n<meta property=\"og:type\" content=\"article\" \/>\n<meta property=\"og:title\" content=\"Contact R\u00f8dk\u00e6rg\u00e5rd for accommodation questions\" \/>\n<meta property=\"og:description\" content=\"Contact us by mail or phone if you have any questions about accommodation, kayak rentals or motorhomes. We will respond as soon as we can.\" \/>\n<meta property=\"og:url\" content=\"https:\/\/roedkaergaard.dk\/en\/contact\/\" \/>\n<meta property=\"og:site_name\" content=\"Overnatning n\u00e6r Kerteminde\" \/>\n<meta property=\"article:publisher\" content=\"https:\/\/www.facebook.com\/roedkaergaard\" \/>\n<meta property=\"article:modified_time\" content=\"2023-03-22T16:07:38+00:00\" \/>\n<meta name=\"twitter:card\" content=\"summary_large_image\" \/>\n<meta name=\"twitter:label1\" content=\"Est. reading time\" \/>\n\t<meta name=\"twitter:data1\" content=\"2 minutes\" \/>\n<script type=\"application\/ld+json\" class=\"yoast-schema-graph\">{\"@context\":\"https:\\\/\\\/schema.org\",\"@graph\":[{\"@type\":\"WebPage\",\"@id\":\"https:\\\/\\\/roedkaergaard.dk\\\/en\\\/contact\\\/\",\"url\":\"https:\\\/\\\/roedkaergaard.dk\\\/en\\\/contact\\\/\",\"name\":\"Contact R\u00f8dk\u00e6rg\u00e5rd for accommodation questions\",\"isPartOf\":{\"@id\":\"https:\\\/\\\/roedkaergaard.dk\\\/en\\\/#website\"},\"datePublished\":\"2020-03-03T11:38:01+00:00\",\"dateModified\":\"2023-03-22T16:07:38+00:00\",\"description\":\"Contact us by mail or phone if you have any questions about accommodation, kayak rentals or motorhomes. We will respond as soon as we can.\",\"breadcrumb\":{\"@id\":\"https:\\\/\\\/roedkaergaard.dk\\\/en\\\/contact\\\/#breadcrumb\"},\"inLanguage\":\"en-US\",\"potentialAction\":[{\"@type\":\"ReadAction\",\"target\":[\"https:\\\/\\\/roedkaergaard.dk\\\/en\\\/contact\\\/\"]}]},{\"@type\":\"BreadcrumbList\",\"@id\":\"https:\\\/\\\/roedkaergaard.dk\\\/en\\\/contact\\\/#breadcrumb\",\"itemListElement\":[{\"@type\":\"ListItem\",\"position\":1,\"name\":\"Hjem\",\"item\":\"https:\\\/\\\/roedkaergaard.dk\\\/en\\\/\"},{\"@type\":\"ListItem\",\"position\":2,\"name\":\"Contact\"}]},{\"@type\":\"WebSite\",\"@id\":\"https:\\\/\\\/roedkaergaard.dk\\\/en\\\/#website\",\"url\":\"https:\\\/\\\/roedkaergaard.dk\\\/en\\\/\",\"name\":\"Overnatning n\u00e6r Kerteminde\",\"description\":\"Et godt sted at overnatte, t\u00e6t p\u00e5 byen, p\u00e5 landet\",\"publisher\":{\"@id\":\"https:\\\/\\\/roedkaergaard.dk\\\/en\\\/#organization\"},\"potentialAction\":[{\"@type\":\"SearchAction\",\"target\":{\"@type\":\"EntryPoint\",\"urlTemplate\":\"https:\\\/\\\/roedkaergaard.dk\\\/en\\\/?s={search_term_string}\"},\"query-input\":{\"@type\":\"PropertyValueSpecification\",\"valueRequired\":true,\"valueName\":\"search_term_string\"}}],\"inLanguage\":\"en-US\"},{\"@type\":\"Organization\",\"@id\":\"https:\\\/\\\/roedkaergaard.dk\\\/en\\\/#organization\",\"name\":\"Overnatning n\u00e6r Kerteminde\",\"url\":\"https:\\\/\\\/roedkaergaard.dk\\\/en\\\/\",\"logo\":{\"@type\":\"ImageObject\",\"inLanguage\":\"en-US\",\"@id\":\"https:\\\/\\\/roedkaergaard.dk\\\/en\\\/#\\\/schema\\\/logo\\\/image\\\/\",\"url\":\"https:\\\/\\\/roedkaergaard.dk\\\/wp-content\\\/uploads\\\/2017\\\/04\\\/logo-roedkaregard-overnatning.png\",\"contentUrl\":\"https:\\\/\\\/roedkaergaard.dk\\\/wp-content\\\/uploads\\\/2017\\\/04\\\/logo-roedkaregard-overnatning.png\",\"width\":800,\"height\":230,\"caption\":\"Overnatning n\u00e6r Kerteminde\"},\"image\":{\"@id\":\"https:\\\/\\\/roedkaergaard.dk\\\/en\\\/#\\\/schema\\\/logo\\\/image\\\/\"},\"sameAs\":[\"https:\\\/\\\/www.facebook.com\\\/roedkaergaard\",\"https:\\\/\\\/www.instagram.com\\\/roedkaergaard_bedandbreakfast\\\/\"]}]}<\/script>\n<!-- \/ Yoast SEO plugin. -->","yoast_head_json":{"title":"Contact R\u00f8dk\u00e6rg\u00e5rd for accommodation questions","description":"Contact us by mail or phone if you have any questions about accommodation, kayak rentals or motorhomes. We will respond as soon as we can.","robots":{"index":"index","follow":"follow","max-snippet":"max-snippet:-1","max-image-preview":"max-image-preview:large","max-video-preview":"max-video-preview:-1"},"canonical":"https:\/\/roedkaergaard.dk\/en\/contact\/","og_locale":"en_US","og_type":"article","og_title":"Contact R\u00f8dk\u00e6rg\u00e5rd for accommodation questions","og_description":"Contact us by mail or phone if you have any questions about accommodation, kayak rentals or motorhomes. We will respond as soon as we can.","og_url":"https:\/\/roedkaergaard.dk\/en\/contact\/","og_site_name":"Overnatning n\u00e6r Kerteminde","article_publisher":"https:\/\/www.facebook.com\/roedkaergaard","article_modified_time":"2023-03-22T16:07:38+00:00","twitter_card":"summary_large_image","twitter_misc":{"Est. reading time":"2 minutes"},"schema":{"@context":"https:\/\/schema.org","@graph":[{"@type":"WebPage","@id":"https:\/\/roedkaergaard.dk\/en\/contact\/","url":"https:\/\/roedkaergaard.dk\/en\/contact\/","name":"Contact R\u00f8dk\u00e6rg\u00e5rd for accommodation questions","isPartOf":{"@id":"https:\/\/roedkaergaard.dk\/en\/#website"},"datePublished":"2020-03-03T11:38:01+00:00","dateModified":"2023-03-22T16:07:38+00:00","description":"Contact us by mail or phone if you have any questions about accommodation, kayak rentals or motorhomes. We will respond as soon as we can.","breadcrumb":{"@id":"https:\/\/roedkaergaard.dk\/en\/contact\/#breadcrumb"},"inLanguage":"en-US","potentialAction":[{"@type":"ReadAction","target":["https:\/\/roedkaergaard.dk\/en\/contact\/"]}]},{"@type":"BreadcrumbList","@id":"https:\/\/roedkaergaard.dk\/en\/contact\/#breadcrumb","itemListElement":[{"@type":"ListItem","position":1,"name":"Hjem","item":"https:\/\/roedkaergaard.dk\/en\/"},{"@type":"ListItem","position":2,"name":"Contact"}]},{"@type":"WebSite","@id":"https:\/\/roedkaergaard.dk\/en\/#website","url":"https:\/\/roedkaergaard.dk\/en\/","name":"Overnatning n\u00e6r Kerteminde","description":"Et godt sted at overnatte, t\u00e6t p\u00e5 byen, p\u00e5 landet","publisher":{"@id":"https:\/\/roedkaergaard.dk\/en\/#organization"},"potentialAction":[{"@type":"SearchAction","target":{"@type":"EntryPoint","urlTemplate":"https:\/\/roedkaergaard.dk\/en\/?s={search_term_string}"},"query-input":{"@type":"PropertyValueSpecification","valueRequired":true,"valueName":"search_term_string"}}],"inLanguage":"en-US"},{"@type":"Organization","@id":"https:\/\/roedkaergaard.dk\/en\/#organization","name":"Overnatning n\u00e6r Kerteminde","url":"https:\/\/roedkaergaard.dk\/en\/","logo":{"@type":"ImageObject","inLanguage":"en-US","@id":"https:\/\/roedkaergaard.dk\/en\/#\/schema\/logo\/image\/","url":"https:\/\/roedkaergaard.dk\/wp-content\/uploads\/2017\/04\/logo-roedkaregard-overnatning.png","contentUrl":"https:\/\/roedkaergaard.dk\/wp-content\/uploads\/2017\/04\/logo-roedkaregard-overnatning.png","width":800,"height":230,"caption":"Overnatning n\u00e6r Kerteminde"},"image":{"@id":"https:\/\/roedkaergaard.dk\/en\/#\/schema\/logo\/image\/"},"sameAs":["https:\/\/www.facebook.com\/roedkaergaard","https:\/\/www.instagram.com\/roedkaergaard_bedandbreakfast\/"]}]}},"_links":{"self":[{"href":"https:\/\/roedkaergaard.dk\/en\/wp-json\/wp\/v2\/pages\/4604","targetHints":{"allow":["GET"]}}],"collection":[{"href":"https:\/\/roedkaergaard.dk\/en\/wp-json\/wp\/v2\/pages"}],"about":[{"href":"https:\/\/roedkaergaard.dk\/en\/wp-json\/wp\/v2\/types\/page"}],"author":[{"embeddable":true,"href":"https:\/\/roedkaergaard.dk\/en\/wp-json\/wp\/v2\/users\/3"}],"replies":[{"embeddable":true,"href":"https:\/\/roedkaergaard.dk\/en\/wp-json\/wp\/v2\/comments?post=4604"}],"version-history":[{"count":34,"href":"https:\/\/roedkaergaard.dk\/en\/wp-json\/wp\/v2\/pages\/4604\/revisions"}],"predecessor-version":[{"id":7694,"href":"https:\/\/roedkaergaard.dk\/en\/wp-json\/wp\/v2\/pages\/4604\/revisions\/7694"}],"wp:attachment":[{"href":"https:\/\/roedkaergaard.dk\/en\/wp-json\/wp\/v2\/media?parent=4604"}],"curies":[{"name":"wp","href":"https:\/\/api.w.org\/{rel}","templated":true}]}}