{"id":5654,"date":"2021-04-10T12:03:10","date_gmt":"2021-04-10T10:03:10","guid":{"rendered":"https:\/\/roedkaergaard.dk\/kontakt\/"},"modified":"2023-03-11T09:51:43","modified_gmt":"2023-03-11T08:51:43","slug":"kontakt","status":"publish","type":"page","link":"https:\/\/roedkaergaard.dk\/de\/kontakt\/","title":{"rendered":"Kontakt"},"content":{"rendered":"<p>[et_pb_section fb_built=&#8220;1&#8243; admin_label=&#8220;section&#8220; _builder_version=&#8220;4.16&#8243; transparent_background=&#8220;off&#8220; make_fullwidth=&#8220;off&#8220; use_custom_width=&#8220;off&#8220; width_unit=&#8220;off&#8220; global_colors_info=&#8220;{}&#8220;][et_pb_row column_structure=&#8220;1_2,1_2&#8243; admin_label=&#8220;row&#8220; _builder_version=&#8220;4.16&#8243; background_size=&#8220;initial&#8220; background_position=&#8220;top_left&#8220; background_repeat=&#8220;repeat&#8220; make_fullwidth=&#8220;off&#8220; use_custom_width=&#8220;off&#8220; width_unit=&#8220;off&#8220; global_colors_info=&#8220;{}&#8220;][et_pb_column type=&#8220;1_2&#8243; _builder_version=&#8220;4.16&#8243; custom_padding=&#8220;|||&#8220; global_colors_info=&#8220;{}&#8220; custom_padding__hover=&#8220;|||&#8220;][et_pb_text _builder_version=&#8220;4.20.0&#8243; background_size=&#8220;initial&#8220; background_position=&#8220;top_left&#8220; background_repeat=&#8220;repeat&#8220; module_alignment=&#8220;left&#8220; global_colors_info=&#8220;{}&#8220;]<\/p>\n<h1>Wenden Sie sich gern per E-Mail oder Telefon an uns<\/h1>\n<p>\u2013 wir antworten so schnell es m\u00f6glich ist<\/p>\n<p>Wenden Sie sich per <a href=\"mailto:info@roedkaergaard.dk\">E-Mail<\/a> oder Telefon unter <a href=\"tel:+4561280714\">+45 6128 0714<\/a> an uns, wenn Sie ein Zimmer, eine Ferienwohnung oder einen Wohnmobilplatz buchen m\u00f6chten. Hier k\u00f6nnen Sie sich auch \u00fcber die Vermietung von Kajaks erkundigen oder Fragen stellen.<\/p>\n<p>Bitte tragen Sie die E-Mail-Adresse sorgf\u00e4ltig und korrekt ein, da unsere Antwort sonst im System stecken bleibt und Sie nicht erreicht, was bereits einige Male passiert ist. Eventuell k\u00f6nnen Sie auch Ihre Handynummer angeben, sodass wir bei Bedarf eine SMS senden k\u00f6nnen.<\/p>\n<p>[\/et_pb_text][et_pb_code admin_label=&#8220;Kode googlemap&#8220; _builder_version=&#8220;4.16&#8243; global_colors_info=&#8220;{}&#8220;]<pee><iframe style=\"border: 0;\" data-src=\"https:\/\/www.google.com\/maps\/embed?pb=!1m18!1m12!1m3!1d72400.17068040042!2d10.613926351506404!3d55.453856780378594!2m3!1f0!2f0!3f0!3m2!1i1024!2i768!4f13.1!3m3!1m2!1s0x464d1998bb5d38db%3A0x57b52a2f38467aa4!2zUsO4ZGvDpnJnw6VyZCBCZWQgJiBCcmVha2Zhc3Q!5e0!3m2!1sda!2sdk!4v1494689139382\" width=\"600\" height=\"250\" frameborder=\"0\" allowfullscreen=\"allowfullscreen\" src=\"data:image\/svg+xml;base64,PHN2ZyB3aWR0aD0iMSIgaGVpZ2h0PSIxIiB4bWxucz0iaHR0cDovL3d3dy53My5vcmcvMjAwMC9zdmciPjwvc3ZnPg==\" class=\"lazyload\" data-load-mode=\"1\"><\/iframe><\/pee>[\/et_pb_code][\/et_pb_column][et_pb_column type=&#8220;1_2&#8243; _builder_version=&#8220;4.16&#8243; custom_padding=&#8220;|||&#8220; global_colors_info=&#8220;{}&#8220; custom_padding__hover=&#8220;|||&#8220;][et_pb_text _builder_version=&#8220;4.20.2&#8243; background_size=&#8220;initial&#8220; background_position=&#8220;top_left&#8220; background_repeat=&#8220;repeat&#8220; module_alignment=&#8220;left&#8220; hover_enabled=&#8220;0&#8243; global_colors_info=&#8220;{}&#8220; sticky_enabled=&#8220;0&#8243;]<\/p>\n<h2>Wir liegen in der N\u00e4he von Kerteminde<\/h2>\n<p>Unsere Lage ist friedlich auf dem Land, nur 5 Autominuten von Kerteminde entfernt.<\/p>\n<p>Kerteminde hat einen gem\u00fctlichen Stadtkern mit Gesch\u00e4ften, Restaurants und mehreren verschiedenen Museen. Zwei der besten Badestr\u00e4nde auf F\u00fcnen, der Nordstrand und der S\u00fcdstrand, liegen stadtnah auf jeder Seite der Hafeneinfahrt.<\/p>\n<p>Wenn Sie mit dem Rad nach Kerteminde fahren m\u00f6chten, dann dauert das nur etwa 10 Minuten. Mit dem Fahrrad kommen Sie leicht durch die kleinen gem\u00fctlichen Stra\u00dfen und m\u00fcssen sich keinen Parkplatz suchen, um einen Spaziergang zu machen.<\/p>\n<p>[\/et_pb_text][et_pb_image src=&#8220;https:\/\/roedkaergaard.dk\/wp-content\/uploads\/2023\/03\/Roedkaergaard-und-Kerteminde-von-oben-gesehen.webp&#8220; alt=&#8220;R\u00f8dk\u00e6rg\u00e5rd B&#038;B und Kerteminde von oben gesehen&#8220; title_text=&#8220;R\u00f8dk\u00e6rg\u00e5rd und Kerteminde von oben gesehen&#8220; show_in_lightbox=&#8220;on&#8220; align=&#8220;center&#8220; align_tablet=&#8220;center&#8220; align_phone=&#8220;&#8220; align_last_edited=&#8220;on|desktop&#8220; _builder_version=&#8220;4.20.2&#8243; use_border_color=&#8220;off&#8220; border_color=&#8220;#ffffff&#8220; border_style=&#8220;solid&#8220; animation=&#8220;off&#8220; sticky=&#8220;off&#8220; always_center_on_mobile=&#8220;on&#8220; global_colors_info=&#8220;{}&#8220;][\/et_pb_image][\/et_pb_column][\/et_pb_row][\/et_pb_section]<\/p>\n","protected":false},"excerpt":{"rendered":"<p>Wenden Sie sich gern per E-Mail oder Telefon an uns \u2013 wir antworten so schnell es m\u00f6glich ist Wenden Sie sich per E-Mail oder Telefon unter +45 6128 0714 an uns, wenn Sie ein Zimmer, eine Ferienwohnung oder einen Wohnmobilplatz buchen m\u00f6chten. Hier k\u00f6nnen Sie sich auch \u00fcber die Vermietung von Kajaks erkundigen oder Fragen [&hellip;]<\/p>\n","protected":false},"author":3,"featured_media":0,"parent":0,"menu_order":0,"comment_status":"closed","ping_status":"closed","template":"","meta":{"_et_pb_use_builder":"on","_et_pb_old_content":"","_et_gb_content_width":"","footnotes":""},"class_list":["post-5654","page","type-page","status-publish","hentry"],"yoast_head":"<!-- This site is optimized with the Yoast SEO plugin v27.4 - https:\/\/yoast.com\/product\/yoast-seo-wordpress\/ -->\n<title>Wenden Sie sich bei Fragen zur Unterkunft an R\u00f8dk\u00e6rg\u00e5rd<\/title>\n<meta name=\"description\" content=\"Kontaktieren Sie uns per E-Mail oder Telefon, wenn Sie Fragen zu unsere Angebot haben. Wir antworten innerhalb von 24 Stunden.\" \/>\n<meta name=\"robots\" content=\"index, follow, max-snippet:-1, max-image-preview:large, max-video-preview:-1\" \/>\n<link rel=\"canonical\" href=\"https:\/\/roedkaergaard.dk\/de\/kontakt\/\" \/>\n<meta property=\"og:locale\" content=\"de_DE\" \/>\n<meta property=\"og:type\" content=\"article\" \/>\n<meta property=\"og:title\" content=\"Wenden Sie sich bei Fragen zur Unterkunft an R\u00f8dk\u00e6rg\u00e5rd\" \/>\n<meta property=\"og:description\" content=\"Kontaktieren Sie uns per E-Mail oder Telefon, wenn Sie Fragen zu unsere Angebot haben. Wir antworten innerhalb von 24 Stunden.\" \/>\n<meta property=\"og:url\" content=\"https:\/\/roedkaergaard.dk\/de\/kontakt\/\" \/>\n<meta property=\"og:site_name\" content=\"Overnatning n\u00e6r Kerteminde\" \/>\n<meta property=\"article:publisher\" content=\"https:\/\/www.facebook.com\/roedkaergaard\" \/>\n<meta property=\"article:modified_time\" content=\"2023-03-11T08:51:43+00:00\" \/>\n<meta name=\"twitter:card\" content=\"summary_large_image\" \/>\n<meta name=\"twitter:label1\" content=\"Gesch\u00e4tzte Lesezeit\" \/>\n\t<meta name=\"twitter:data1\" content=\"2\u00a0Minuten\" \/>\n<script type=\"application\/ld+json\" class=\"yoast-schema-graph\">{\"@context\":\"https:\\\/\\\/schema.org\",\"@graph\":[{\"@type\":\"WebPage\",\"@id\":\"https:\\\/\\\/roedkaergaard.dk\\\/de\\\/kontakt\\\/\",\"url\":\"https:\\\/\\\/roedkaergaard.dk\\\/de\\\/kontakt\\\/\",\"name\":\"Wenden Sie sich bei Fragen zur Unterkunft an R\u00f8dk\u00e6rg\u00e5rd\",\"isPartOf\":{\"@id\":\"https:\\\/\\\/roedkaergaard.dk\\\/en\\\/#website\"},\"datePublished\":\"2021-04-10T10:03:10+00:00\",\"dateModified\":\"2023-03-11T08:51:43+00:00\",\"description\":\"Kontaktieren Sie uns per E-Mail oder Telefon, wenn Sie Fragen zu unsere Angebot haben. Wir antworten innerhalb von 24 Stunden.\",\"breadcrumb\":{\"@id\":\"https:\\\/\\\/roedkaergaard.dk\\\/de\\\/kontakt\\\/#breadcrumb\"},\"inLanguage\":\"de\",\"potentialAction\":[{\"@type\":\"ReadAction\",\"target\":[\"https:\\\/\\\/roedkaergaard.dk\\\/de\\\/kontakt\\\/\"]}]},{\"@type\":\"BreadcrumbList\",\"@id\":\"https:\\\/\\\/roedkaergaard.dk\\\/de\\\/kontakt\\\/#breadcrumb\",\"itemListElement\":[{\"@type\":\"ListItem\",\"position\":1,\"name\":\"Hjem\",\"item\":\"https:\\\/\\\/roedkaergaard.dk\\\/de\\\/\"},{\"@type\":\"ListItem\",\"position\":2,\"name\":\"Kontakt\"}]},{\"@type\":\"WebSite\",\"@id\":\"https:\\\/\\\/roedkaergaard.dk\\\/en\\\/#website\",\"url\":\"https:\\\/\\\/roedkaergaard.dk\\\/en\\\/\",\"name\":\"Overnatning n\u00e6r Kerteminde\",\"description\":\"Et godt sted at overnatte, t\u00e6t p\u00e5 byen, p\u00e5 landet\",\"publisher\":{\"@id\":\"https:\\\/\\\/roedkaergaard.dk\\\/en\\\/#organization\"},\"potentialAction\":[{\"@type\":\"SearchAction\",\"target\":{\"@type\":\"EntryPoint\",\"urlTemplate\":\"https:\\\/\\\/roedkaergaard.dk\\\/en\\\/?s={search_term_string}\"},\"query-input\":{\"@type\":\"PropertyValueSpecification\",\"valueRequired\":true,\"valueName\":\"search_term_string\"}}],\"inLanguage\":\"de\"},{\"@type\":\"Organization\",\"@id\":\"https:\\\/\\\/roedkaergaard.dk\\\/en\\\/#organization\",\"name\":\"Overnatning n\u00e6r Kerteminde\",\"url\":\"https:\\\/\\\/roedkaergaard.dk\\\/en\\\/\",\"logo\":{\"@type\":\"ImageObject\",\"inLanguage\":\"de\",\"@id\":\"https:\\\/\\\/roedkaergaard.dk\\\/en\\\/#\\\/schema\\\/logo\\\/image\\\/\",\"url\":\"https:\\\/\\\/roedkaergaard.dk\\\/wp-content\\\/uploads\\\/2017\\\/04\\\/logo-roedkaregard-overnatning.png\",\"contentUrl\":\"https:\\\/\\\/roedkaergaard.dk\\\/wp-content\\\/uploads\\\/2017\\\/04\\\/logo-roedkaregard-overnatning.png\",\"width\":800,\"height\":230,\"caption\":\"Overnatning n\u00e6r Kerteminde\"},\"image\":{\"@id\":\"https:\\\/\\\/roedkaergaard.dk\\\/en\\\/#\\\/schema\\\/logo\\\/image\\\/\"},\"sameAs\":[\"https:\\\/\\\/www.facebook.com\\\/roedkaergaard\",\"https:\\\/\\\/www.instagram.com\\\/roedkaergaard_bedandbreakfast\\\/\"]}]}<\/script>\n<!-- \/ Yoast SEO plugin. -->","yoast_head_json":{"title":"Wenden Sie sich bei Fragen zur Unterkunft an R\u00f8dk\u00e6rg\u00e5rd","description":"Kontaktieren Sie uns per E-Mail oder Telefon, wenn Sie Fragen zu unsere Angebot haben. Wir antworten innerhalb von 24 Stunden.","robots":{"index":"index","follow":"follow","max-snippet":"max-snippet:-1","max-image-preview":"max-image-preview:large","max-video-preview":"max-video-preview:-1"},"canonical":"https:\/\/roedkaergaard.dk\/de\/kontakt\/","og_locale":"de_DE","og_type":"article","og_title":"Wenden Sie sich bei Fragen zur Unterkunft an R\u00f8dk\u00e6rg\u00e5rd","og_description":"Kontaktieren Sie uns per E-Mail oder Telefon, wenn Sie Fragen zu unsere Angebot haben. Wir antworten innerhalb von 24 Stunden.","og_url":"https:\/\/roedkaergaard.dk\/de\/kontakt\/","og_site_name":"Overnatning n\u00e6r Kerteminde","article_publisher":"https:\/\/www.facebook.com\/roedkaergaard","article_modified_time":"2023-03-11T08:51:43+00:00","twitter_card":"summary_large_image","twitter_misc":{"Gesch\u00e4tzte Lesezeit":"2\u00a0Minuten"},"schema":{"@context":"https:\/\/schema.org","@graph":[{"@type":"WebPage","@id":"https:\/\/roedkaergaard.dk\/de\/kontakt\/","url":"https:\/\/roedkaergaard.dk\/de\/kontakt\/","name":"Wenden Sie sich bei Fragen zur Unterkunft an R\u00f8dk\u00e6rg\u00e5rd","isPartOf":{"@id":"https:\/\/roedkaergaard.dk\/en\/#website"},"datePublished":"2021-04-10T10:03:10+00:00","dateModified":"2023-03-11T08:51:43+00:00","description":"Kontaktieren Sie uns per E-Mail oder Telefon, wenn Sie Fragen zu unsere Angebot haben. Wir antworten innerhalb von 24 Stunden.","breadcrumb":{"@id":"https:\/\/roedkaergaard.dk\/de\/kontakt\/#breadcrumb"},"inLanguage":"de","potentialAction":[{"@type":"ReadAction","target":["https:\/\/roedkaergaard.dk\/de\/kontakt\/"]}]},{"@type":"BreadcrumbList","@id":"https:\/\/roedkaergaard.dk\/de\/kontakt\/#breadcrumb","itemListElement":[{"@type":"ListItem","position":1,"name":"Hjem","item":"https:\/\/roedkaergaard.dk\/de\/"},{"@type":"ListItem","position":2,"name":"Kontakt"}]},{"@type":"WebSite","@id":"https:\/\/roedkaergaard.dk\/en\/#website","url":"https:\/\/roedkaergaard.dk\/en\/","name":"Overnatning n\u00e6r Kerteminde","description":"Et godt sted at overnatte, t\u00e6t p\u00e5 byen, p\u00e5 landet","publisher":{"@id":"https:\/\/roedkaergaard.dk\/en\/#organization"},"potentialAction":[{"@type":"SearchAction","target":{"@type":"EntryPoint","urlTemplate":"https:\/\/roedkaergaard.dk\/en\/?s={search_term_string}"},"query-input":{"@type":"PropertyValueSpecification","valueRequired":true,"valueName":"search_term_string"}}],"inLanguage":"de"},{"@type":"Organization","@id":"https:\/\/roedkaergaard.dk\/en\/#organization","name":"Overnatning n\u00e6r Kerteminde","url":"https:\/\/roedkaergaard.dk\/en\/","logo":{"@type":"ImageObject","inLanguage":"de","@id":"https:\/\/roedkaergaard.dk\/en\/#\/schema\/logo\/image\/","url":"https:\/\/roedkaergaard.dk\/wp-content\/uploads\/2017\/04\/logo-roedkaregard-overnatning.png","contentUrl":"https:\/\/roedkaergaard.dk\/wp-content\/uploads\/2017\/04\/logo-roedkaregard-overnatning.png","width":800,"height":230,"caption":"Overnatning n\u00e6r Kerteminde"},"image":{"@id":"https:\/\/roedkaergaard.dk\/en\/#\/schema\/logo\/image\/"},"sameAs":["https:\/\/www.facebook.com\/roedkaergaard","https:\/\/www.instagram.com\/roedkaergaard_bedandbreakfast\/"]}]}},"_links":{"self":[{"href":"https:\/\/roedkaergaard.dk\/de\/wp-json\/wp\/v2\/pages\/5654","targetHints":{"allow":["GET"]}}],"collection":[{"href":"https:\/\/roedkaergaard.dk\/de\/wp-json\/wp\/v2\/pages"}],"about":[{"href":"https:\/\/roedkaergaard.dk\/de\/wp-json\/wp\/v2\/types\/page"}],"author":[{"embeddable":true,"href":"https:\/\/roedkaergaard.dk\/de\/wp-json\/wp\/v2\/users\/3"}],"replies":[{"embeddable":true,"href":"https:\/\/roedkaergaard.dk\/de\/wp-json\/wp\/v2\/comments?post=5654"}],"version-history":[{"count":24,"href":"https:\/\/roedkaergaard.dk\/de\/wp-json\/wp\/v2\/pages\/5654\/revisions"}],"predecessor-version":[{"id":7481,"href":"https:\/\/roedkaergaard.dk\/de\/wp-json\/wp\/v2\/pages\/5654\/revisions\/7481"}],"wp:attachment":[{"href":"https:\/\/roedkaergaard.dk\/de\/wp-json\/wp\/v2\/media?parent=5654"}],"curies":[{"name":"wp","href":"https:\/\/api.w.org\/{rel}","templated":true}]}}