{"id":50,"date":"2017-01-25T15:11:52","date_gmt":"2017-01-25T14:11:52","guid":{"rendered":"http:\/\/roedkaergaard.dk\/?page_id=50\/"},"modified":"2026-03-02T21:59:13","modified_gmt":"2026-03-02T20:59:13","slug":"home","status":"publish","type":"page","link":"https:\/\/roedkaergaard.dk\/de\/","title":{"rendered":"Startseite"},"content":{"rendered":"<p>[et_pb_section fb_built=&#8220;1&#8243; _builder_version=&#8220;4.16&#8243; transparent_background=&#8220;off&#8220; make_fullwidth=&#8220;off&#8220; use_custom_width=&#8220;off&#8220; width_unit=&#8220;on&#8220; global_colors_info=&#8220;{}&#8220;][et_pb_row _builder_version=&#8220;4.16&#8243; background_color=&#8220;#ffffff&#8220; background_size=&#8220;initial&#8220; background_position=&#8220;top_left&#8220; background_repeat=&#8220;repeat&#8220; width=&#8220;100%&#8220; make_fullwidth=&#8220;off&#8220; use_custom_width=&#8220;off&#8220; width_unit=&#8220;on&#8220; global_colors_info=&#8220;{}&#8220;][et_pb_column type=&#8220;4_4&#8243; _builder_version=&#8220;4.16&#8243; custom_padding=&#8220;|||&#8220; global_colors_info=&#8220;{}&#8220; custom_padding__hover=&#8220;|||&#8220;][et_pb_image src=&#8220;https:\/\/roedkaergaard.dk\/wp-content\/uploads\/2021\/05\/Indkoersel_overnatning-1.jpg&#8220; alt=&#8220;\u00dcbernachtung an der alte Baurnhof&#8220; title_text=&#8220;Indk\u00f8rsel_overnatning&#8220; align=&#8220;center&#8220; admin_label=&#8220;Billede&#8220; _builder_version=&#8220;4.16&#8243; _module_preset=&#8220;default&#8220; custom_margin=&#8220;-46px|||||&#8220; global_colors_info=&#8220;{}&#8220;][\/et_pb_image][\/et_pb_column][\/et_pb_row][et_pb_row _builder_version=&#8220;4.16&#8243; background_color=&#8220;#ffffff&#8220; background_size=&#8220;initial&#8220; background_position=&#8220;top_left&#8220; background_repeat=&#8220;repeat&#8220; width=&#8220;60%&#8220; make_fullwidth=&#8220;off&#8220; use_custom_width=&#8220;off&#8220; width_unit=&#8220;on&#8220; global_colors_info=&#8220;{}&#8220;][et_pb_column type=&#8220;4_4&#8243; _builder_version=&#8220;4.16&#8243; custom_padding=&#8220;|||&#8220; global_colors_info=&#8220;{}&#8220; custom_padding__hover=&#8220;|||&#8220;][et_pb_text _builder_version=&#8220;4.27.6&#8243; header_text_align=&#8220;center&#8220; background_size=&#8220;initial&#8220; background_position=&#8220;top_left&#8220; background_repeat=&#8220;repeat&#8220; text_orientation=&#8220;center&#8220; module_alignment=&#8220;center&#8220; min_height=&#8220;274.8px&#8220; custom_padding=&#8220;30px|||||&#8220; hover_enabled=&#8220;0&#8243; border_style=&#8220;solid&#8220; global_colors_info=&#8220;{}&#8220; sticky_enabled=&#8220;0&#8243;]<\/p>\n<h1>\u00dcbernachtung bei Kerteminde<\/h1>\n<p align=\"CENTER\">R\u00f8dk\u00e6rg\u00e5rd liegt etwa 3 Kilometer von der Stadtmitte von Kerteminde entfernt, am Ende einer malerischen gewundenen Stra\u00dfe in einer authentischen Dorfidylle. Hier findet man Ruhe, Frieden und wundersch\u00f6ne Natur mit Aussicht \u00fcber den Kerteminde Fjord. Wir legen gro\u00dfen Wert darauf, dass sich unsere G\u00e4ste willkommen f\u00fchlen und geben gerne Tipps und Ideen f\u00fcr kulinarische, kulturelle und Naturerlebnisse. Wenn Sie ein Fahrrad dabei haben, dann bieten sich reichlich M\u00f6glichkeiten, die Gegend im Freien zu genie\u00dfen. Gern machen wir auch Vorschl\u00e4ge f\u00fcr Wander-, Jogging- und Radtouren in der Umgebung.<\/p>\n<h2 align=\"CENTER\">\u00dcbernachtung im alten Familienvierseithof<\/h2>\n<p align=\"CENTER\">Auf R\u00f8dk\u00e6rg\u00e5rd bieten wir die \u00dcbernachtung in zwei unserer Hoffl\u00fcgel sowie in zwei ehemaligen Nebengeb\u00e4uden an. Der Hof ist typisch f\u00fcr Bauwerke, die 1877 auf Nordostf\u00fcnen errichtet wurden. Die B&amp;B-Zimmer wurden auf dem alten Strohboden eingerichtet. Unsere Ferienwohnungen mit eigener K\u00fcche befinden sich im Hoffl\u00fcgel des ehemaligen Waschhauses mit dem Wagenunterstand. Unsere kleinen Ferienh\u00e4user befinden sich im ehemaligen Schweinestall und Maschinenhaus. Beide haben einen direkten Ausblick auf den Kerteminde Fjord, was auch f\u00fcr unsere vier B&amp;B-Zimmer gilt. Wir selbst wohnen im Wohnhaus des Hofes.<\/p>\n<p>[\/et_pb_text][et_pb_text _builder_version=&#8220;4.27.6&#8243; background_size=&#8220;initial&#8220; background_position=&#8220;top_left&#8220; background_repeat=&#8220;repeat&#8220; text_orientation=&#8220;center&#8220; module_alignment=&#8220;center&#8220; border_style=&#8220;solid&#8220; global_colors_info=&#8220;{}&#8220;]<\/p>\n<h2 align=\"CENTER\">Rufen Sie uns an unter +45 6128 0714 oder schreiben Sie uns<\/h2>\n<p style=\"text-align: center;\"><a href=\"mailto:info@roedkaergaard.dk\" target=\"_blank\" rel=\"noopener\">info@roedkaergaard.dk<\/a><\/p>\n<p>[\/et_pb_text][et_pb_divider color=&#8220;#e5e5e5&#8243; disabled_on=&#8220;on|on|off&#8220; _builder_version=&#8220;4.16&#8243; height=&#8220;20px&#8220; hide_on_mobile=&#8220;on&#8220; global_colors_info=&#8220;{}&#8220;][\/et_pb_divider][\/et_pb_column][\/et_pb_row][et_pb_row column_structure=&#8220;1_3,1_3,1_3&#8243; _builder_version=&#8220;4.19.5&#8243; background_size=&#8220;initial&#8220; background_position=&#8220;top_left&#8220; background_repeat=&#8220;repeat&#8220; make_fullwidth=&#8220;off&#8220; use_custom_width=&#8220;off&#8220; width_unit=&#8220;on&#8220; global_colors_info=&#8220;{}&#8220;][et_pb_column type=&#8220;1_3&#8243; _builder_version=&#8220;4.16&#8243; background_color=&#8220;#ffffff&#8220; custom_padding=&#8220;20px|20px|20px|20px&#8220; box_shadow_style=&#8220;preset1&#8243; global_colors_info=&#8220;{}&#8220; custom_padding__hover=&#8220;|||&#8220;][et_pb_text _builder_version=&#8220;4.19.5&#8243; background_size=&#8220;initial&#8220; background_position=&#8220;top_left&#8220; background_repeat=&#8220;repeat&#8220; module_alignment=&#8220;left&#8220; use_border_color=&#8220;off&#8220; border_color=&#8220;#ffffff&#8220; border_style=&#8220;solid&#8220; global_colors_info=&#8220;{}&#8220;]<\/p>\n<h2 style=\"text-align: center;\">Zimmer mit privates Bad<\/h2>\n<p>[\/et_pb_text][et_pb_image src=&#8220;https:\/\/roedkaergaard.dk\/wp-content\/uploads\/2023\/01\/Aftenstemning-vaerelse.jpg&#8220; alt=&#8220;Abend Zimmer&#8220; title_text=&#8220;Ubernachtung Zimmer&#8220; url=&#8220;https:\/\/roedkaergaard.dk\/de\/zimmer\/&#8220; align=&#8220;center&#8220; align_tablet=&#8220;center&#8220; align_phone=&#8220;&#8220; align_last_edited=&#8220;on|desktop&#8220; _builder_version=&#8220;4.19.5&#8243; use_border_color=&#8220;off&#8220; global_colors_info=&#8220;{}&#8220;][\/et_pb_image][et_pb_text _builder_version=&#8220;4.20.0&#8243; background_size=&#8220;initial&#8220; background_position=&#8220;top_left&#8220; background_repeat=&#8220;repeat&#8220; module_alignment=&#8220;left&#8220; use_border_color=&#8220;off&#8220; global_colors_info=&#8220;{}&#8220;]<\/p>\n<p align=\"CENTER\">Im ersten Stockwerk, dem ehemaligen Strohboden \u00fcber dem gro\u00dfen Speisesaal, haben wir vier Zimmer. Alle ier haben eigene Dusche und Toilette. Die Zimmer sind nach Westen gerichtet und haben Aussicht \u00fcber den Kerteminde Fjord, h\u00e4ufig mit einem wundersch\u00f6nen Sonnenuntergang.<\/p>\n<p style=\"text-align: center;\"><a href=\"https:\/\/roedkaergaard.dk\/de\/zimmer\/\">Unsere Zimmer<\/a><\/p>\n<p>[\/et_pb_text][\/et_pb_column][et_pb_column type=&#8220;1_3&#8243; _builder_version=&#8220;4.16&#8243; background_color=&#8220;#ffffff&#8220; custom_padding=&#8220;20px|20px|20px|20px&#8220; box_shadow_style=&#8220;preset1&#8243; global_colors_info=&#8220;{}&#8220; custom_padding__hover=&#8220;|||&#8220;][et_pb_text _builder_version=&#8220;4.19.5&#8243; background_size=&#8220;initial&#8220; background_position=&#8220;top_left&#8220; background_repeat=&#8220;repeat&#8220; module_alignment=&#8220;left&#8220; use_border_color=&#8220;off&#8220; border_color=&#8220;#ffffff&#8220; border_style=&#8220;solid&#8220; global_colors_info=&#8220;{}&#8220;]<\/p>\n<h2 style=\"text-align: center;\">Ferienh\u00e4user mit aussicht<\/h2>\n<p>[\/et_pb_text][et_pb_image src=&#8220;https:\/\/roedkaergaard.dk\/wp-content\/uploads\/2023\/01\/Fjorden-fra-Roedkaergaard.jpg&#8220; alt=&#8220;Blick auf den Fjord&#8220; title_text=&#8220;Fjorden fra Roedkaergaard&#8220; url=&#8220;https:\/\/roedkaergaard.dk\/sommerhus\/&#8220; align_tablet=&#8220;center&#8220; align_phone=&#8220;&#8220; align_last_edited=&#8220;on|desktop&#8220; _builder_version=&#8220;4.19.5&#8243; use_border_color=&#8220;off&#8220; global_colors_info=&#8220;{}&#8220;][\/et_pb_image][et_pb_text _builder_version=&#8220;4.20.0&#8243; background_size=&#8220;initial&#8220; background_position=&#8220;top_left&#8220; background_repeat=&#8220;repeat&#8220; module_alignment=&#8220;left&#8220; border_style=&#8220;solid&#8220; global_colors_info=&#8220;{}&#8220;]<\/p>\n<p align=\"CENTER\">In R\u00f8dk\u00e6rg\u00e5rd haben wir friedlich gelegene Ferienh\u00e4user mit Aussicht in malerischer Umgebung. In jeder ist Platz f\u00fcr vier Personen. Die H\u00e4user sind gut ausgestattet f\u00fcr einen mehrt\u00e4gigen Aufenthalt.<\/p>\n<p style=\"text-align: center;\"><a href=\"https:\/\/roedkaergaard.dk\/de\/ferienhaus-nord\/\">Ferienhaus Nord<\/a><\/p>\n<p style=\"text-align: center;\"><a href=\"https:\/\/roedkaergaard.dk\/de\/ferienhaus-sued\/\">Ferienhaus S\u00fcd<\/a><\/p>\n<p>[\/et_pb_text][\/et_pb_column][et_pb_column type=&#8220;1_3&#8243; _builder_version=&#8220;4.16&#8243; background_color=&#8220;#ffffff&#8220; custom_padding=&#8220;20px|20px|20px|20px&#8220; box_shadow_style=&#8220;preset1&#8243; global_colors_info=&#8220;{}&#8220; custom_padding__hover=&#8220;|||&#8220;][et_pb_text _builder_version=&#8220;4.19.5&#8243; background_size=&#8220;initial&#8220; background_position=&#8220;top_left&#8220; background_repeat=&#8220;repeat&#8220; module_alignment=&#8220;left&#8220; use_border_color=&#8220;off&#8220; border_color=&#8220;#ffffff&#8220; border_style=&#8220;solid&#8220; global_colors_info=&#8220;{}&#8220;]<\/p>\n<h2 style=\"text-align: center;\">Ferienwohnungen<\/h2>\n<p>[\/et_pb_text][et_pb_image src=&#8220;https:\/\/roedkaergaard.dk\/wp-content\/uploads\/2023\/01\/Ferielejlighed-med-terrasse.jpg&#8220; alt=&#8220;\u00dcbernachtung Kerteminde&#8220; title_text=&#8220;\u00dcbernachtung Kerteminde&#8220; url=&#8220;https:\/\/roedkaergaard.dk\/autocamperplads\/&#8220; align_tablet=&#8220;center&#8220; align_phone=&#8220;&#8220; align_last_edited=&#8220;on|desktop&#8220; _builder_version=&#8220;4.19.5&#8243; custom_padding=&#8220;0px|||||&#8220; use_border_color=&#8220;off&#8220; global_colors_info=&#8220;{}&#8220;][\/et_pb_image][et_pb_text _builder_version=&#8220;4.20.0&#8243; background_size=&#8220;initial&#8220; background_position=&#8220;top_left&#8220; background_repeat=&#8220;repeat&#8220; module_alignment=&#8220;left&#8220; use_border_color=&#8220;off&#8220; border_color=&#8220;#ffffff&#8220; border_style=&#8220;solid&#8220; global_colors_info=&#8220;{}&#8220;]<\/p>\n<p style=\"text-align: center;\"><span style=\"font-size: 14px;\">Auf R\u00f8dk\u00e6rg\u00e5rd bieten wir zwei Ferienwohnungen zur Vermietung an. In jeder ist, wie in unsere Ferienh\u00e4user, Platz f\u00fcr vier Personen. Die Ferienwohnungen verf\u00fcgen \u00fcber eine Terrasse im alten Landhausgarten.<\/span><\/p>\n<p style=\"text-align: center;\"><a href=\"https:\/\/roedkaergaard.dk\/de\/ferienwohnung\/\">Ferienwohnungen<\/a><\/p>\n<p style=\"text-align: center;\">[\/et_pb_text][\/et_pb_column][\/et_pb_row][\/et_pb_section][et_pb_section fb_built=&#8220;1&#8243; _builder_version=&#8220;4.19.5&#8243; background_color=&#8220;#f3efe2&#8243; transparent_background=&#8220;off&#8220; make_fullwidth=&#8220;off&#8220; use_custom_width=&#8220;off&#8220; width_unit=&#8220;on&#8220; global_colors_info=&#8220;{}&#8220;][et_pb_row _builder_version=&#8220;4.16&#8243; background_size=&#8220;initial&#8220; background_position=&#8220;top_left&#8220; background_repeat=&#8220;repeat&#8220; box_shadow_style=&#8220;preset1&#8243; make_fullwidth=&#8220;off&#8220; use_custom_width=&#8220;off&#8220; width_unit=&#8220;on&#8220; global_colors_info=&#8220;{}&#8220;][et_pb_column type=&#8220;4_4&#8243; _builder_version=&#8220;4.16&#8243; background_color=&#8220;#ffffff&#8220; custom_padding=&#8220;10px|10px|10px|10px&#8220; global_colors_info=&#8220;{}&#8220; custom_padding__hover=&#8220;|||&#8220;][et_pb_gallery gallery_ids=&#8220;3979,3958,3904,3892,3886,3877,3733,3868,3841,3850,3862,3883,3934,3847,3820&#8243; zoom_icon_color=&#8220;#f7f7f7&#8243; hover_overlay_color=&#8220;rgba(255,255,255,0)&#8220; hover_icon=&#8220;&#x54;||divi||400&#8243; _builder_version=&#8220;4.16&#8243; use_border_color=&#8220;off&#8220; global_colors_info=&#8220;{}&#8220;][\/et_pb_gallery][\/et_pb_column][\/et_pb_row][et_pb_row _builder_version=&#8220;4.19.5&#8243; _module_preset=&#8220;default&#8220; global_colors_info=&#8220;{}&#8220;][et_pb_column type=&#8220;4_4&#8243; _builder_version=&#8220;4.19.5&#8243; _module_preset=&#8220;default&#8220; global_colors_info=&#8220;{}&#8220;][et_pb_divider color=&#8220;RGBA(255,255,255,0)&#8220; _builder_version=&#8220;4.19.5&#8243; _module_preset=&#8220;default&#8220; global_colors_info=&#8220;{}&#8220;][\/et_pb_divider][\/et_pb_column][\/et_pb_row][et_pb_row _builder_version=&#8220;4.19.5&#8243; _module_preset=&#8220;default&#8220; width=&#8220;60%&#8220; global_colors_info=&#8220;{}&#8220;][et_pb_column type=&#8220;4_4&#8243; _builder_version=&#8220;4.19.5&#8243; _module_preset=&#8220;default&#8220; global_colors_info=&#8220;{}&#8220;][et_pb_testimonial author=&#8220;Christine &#038; Peter&#8220; company_name=&#8220;Hannover&#8220; _builder_version=&#8220;4.19.5&#8243; _module_preset=&#8220;default&#8220; body_font=&#8220;Beau Rivage|700|||||||&#8220; body_text_color=&#8220;#0B4A7A&#8220; body_font_size=&#8220;26px&#8220; body_letter_spacing=&#8220;3px&#8220; author_text_color=&#8220;#0B4A7A&#8220; company_text_color=&#8220;#0B4A7A&#8220; background_color=&#8220;#FFFFFF&#8220; global_colors_info=&#8220;{}&#8220;]<\/p>\n<p>Wir haben uns bei Euch, Pia und Peder, sehr wohl gef\u00fchlt und danken f\u00fcr Eure gute Umsorgung auch mit Karten f\u00fcr unsere Rundtouren, Vorschl\u00e4gen f\u00fcr Ausfl\u00fcge, und, last not least, das gute Fr\u00fchst\u00fcck!<\/p>\n<p>[\/et_pb_testimonial][et_pb_text _builder_version=&#8220;4.20.0&#8243; _module_preset=&#8220;default&#8220; global_colors_info=&#8220;{}&#8220;]<\/p>\n<p>\u00dcbernachtung bei Kerteminde und Lust auf Wandern oder Radfahren im Urlaub? Wenn Sie sich f\u00fcr einen Aktivurlaub interessieren, finden Sie hier Vorschl\u00e4ge f\u00fcr <a href=\"https:\/\/www.visitkerteminde.de\/kerteminde\/aktivitaeten\/wanderrouten-kerteminde\" target=\"_blank\" rel=\"noopener\">Wander<\/a>&#8211; und <a href=\"https:\/\/www.visitkerteminde.de\/kerteminde\/aktivitaeten\/fahrradrouten-kerteminde\" target=\"_blank\" rel=\"noopener\">Radrouten<\/a> in unserer Umgebung.<\/p>\n<p>Wir helfen gerne, wenn wir k\u00f6nnen, mit Tipps, die auf Ihren Interessen basieren.<\/p>\n<p>[\/et_pb_text][et_pb_text _builder_version=&#8220;4.19.5&#8243; _module_preset=&#8220;default&#8220; global_colors_info=&#8220;{}&#8220;][\/et_pb_text][\/et_pb_column][\/et_pb_row][\/et_pb_section]<\/p>\n","protected":false},"excerpt":{"rendered":"<p>\u00dcbernachtung bei Kerteminde R\u00f8dk\u00e6rg\u00e5rd liegt etwa 3 Kilometer von der Stadtmitte von Kerteminde entfernt, am Ende einer malerischen gewundenen Stra\u00dfe in einer authentischen Dorfidylle. Hier findet man Ruhe, Frieden und wundersch\u00f6ne Natur mit Aussicht \u00fcber den Kerteminde Fjord. Wir legen gro\u00dfen Wert darauf, dass sich unsere G\u00e4ste willkommen f\u00fchlen und geben gerne Tipps und Ideen [&hellip;]<\/p>\n","protected":false},"author":2,"featured_media":7721,"parent":0,"menu_order":0,"comment_status":"closed","ping_status":"closed","template":"","meta":{"_et_pb_use_builder":"on","_et_pb_old_content":"","_et_gb_content_width":"","footnotes":""},"class_list":["post-50","page","type-page","status-publish","has-post-thumbnail","hentry"],"yoast_head":"<!-- This site is optimized with the Yoast SEO plugin v27.4 - https:\/\/yoast.com\/product\/yoast-seo-wordpress\/ -->\n<title>\u00dcbernachtung bei Kerteminde, in friedlicher Umgebung<\/title>\n<meta name=\"description\" content=\"\u00dcbernachtung auf einem alten Familienbetrieb mit herrlichem Blick auf den Kerteminde-Fjord. Privates Bad f\u00fcr alle G\u00e4ste.\" \/>\n<meta name=\"robots\" content=\"index, follow, max-snippet:-1, max-image-preview:large, max-video-preview:-1\" \/>\n<link rel=\"canonical\" href=\"https:\/\/roedkaergaard.dk\/de\/\" \/>\n<meta property=\"og:locale\" content=\"de_DE\" \/>\n<meta property=\"og:type\" content=\"article\" \/>\n<meta property=\"og:title\" content=\"\u00dcbernachtung bei Kerteminde, in friedlicher Umgebung\" \/>\n<meta property=\"og:description\" content=\"\u00dcbernachtung auf einem alten Familienbetrieb mit herrlichem Blick auf den Kerteminde-Fjord. Privates Bad f\u00fcr alle G\u00e4ste.\" \/>\n<meta property=\"og:url\" content=\"https:\/\/roedkaergaard.dk\/de\/\" \/>\n<meta property=\"og:site_name\" content=\"Overnatning n\u00e6r Kerteminde\" \/>\n<meta property=\"article:publisher\" content=\"https:\/\/www.facebook.com\/roedkaergaard\" \/>\n<meta property=\"article:modified_time\" content=\"2026-03-02T20:59:13+00:00\" \/>\n<meta property=\"og:image\" content=\"https:\/\/roedkaergaard.dk\/wp-content\/uploads\/Indkoersel-overnatning.webp\" \/>\n\t<meta property=\"og:image:width\" content=\"600\" \/>\n\t<meta property=\"og:image:height\" content=\"450\" \/>\n\t<meta property=\"og:image:type\" content=\"image\/webp\" \/>\n<meta name=\"twitter:card\" content=\"summary_large_image\" \/>\n<meta name=\"twitter:label1\" content=\"Gesch\u00e4tzte Lesezeit\" \/>\n\t<meta name=\"twitter:data1\" content=\"7\u00a0Minuten\" \/>\n<script type=\"application\/ld+json\" class=\"yoast-schema-graph\">{\"@context\":\"https:\\\/\\\/schema.org\",\"@graph\":[{\"@type\":\"WebPage\",\"@id\":\"https:\\\/\\\/roedkaergaard.dk\\\/de\\\/\",\"url\":\"https:\\\/\\\/roedkaergaard.dk\\\/de\\\/\",\"name\":\"\u00dcbernachtung bei Kerteminde, in friedlicher Umgebung\",\"isPartOf\":{\"@id\":\"https:\\\/\\\/roedkaergaard.dk\\\/en\\\/#website\"},\"primaryImageOfPage\":{\"@id\":\"https:\\\/\\\/roedkaergaard.dk\\\/de\\\/#primaryimage\"},\"image\":{\"@id\":\"https:\\\/\\\/roedkaergaard.dk\\\/de\\\/#primaryimage\"},\"thumbnailUrl\":\"https:\\\/\\\/roedkaergaard.dk\\\/wp-content\\\/uploads\\\/Indkoersel-overnatning.webp\",\"datePublished\":\"2017-01-25T14:11:52+00:00\",\"dateModified\":\"2026-03-02T20:59:13+00:00\",\"description\":\"\u00dcbernachtung auf einem alten Familienbetrieb mit herrlichem Blick auf den Kerteminde-Fjord. Privates Bad f\u00fcr alle G\u00e4ste.\",\"breadcrumb\":{\"@id\":\"https:\\\/\\\/roedkaergaard.dk\\\/de\\\/#breadcrumb\"},\"inLanguage\":\"de\",\"potentialAction\":[{\"@type\":\"ReadAction\",\"target\":[\"https:\\\/\\\/roedkaergaard.dk\\\/de\\\/\"]}]},{\"@type\":\"ImageObject\",\"inLanguage\":\"de\",\"@id\":\"https:\\\/\\\/roedkaergaard.dk\\\/de\\\/#primaryimage\",\"url\":\"https:\\\/\\\/roedkaergaard.dk\\\/wp-content\\\/uploads\\\/Indkoersel-overnatning.webp\",\"contentUrl\":\"https:\\\/\\\/roedkaergaard.dk\\\/wp-content\\\/uploads\\\/Indkoersel-overnatning.webp\",\"width\":600,\"height\":450,\"caption\":\"Indk\u00f8rsel overnatning p\u00e5 R\u00f8dk\u00e6rg\u00e5rd B&B\"},{\"@type\":\"BreadcrumbList\",\"@id\":\"https:\\\/\\\/roedkaergaard.dk\\\/de\\\/#breadcrumb\",\"itemListElement\":[{\"@type\":\"ListItem\",\"position\":1,\"name\":\"Hjem\",\"item\":\"https:\\\/\\\/roedkaergaard.dk\\\/de\\\/\"},{\"@type\":\"ListItem\",\"position\":2,\"name\":\"Startseite\"}]},{\"@type\":\"WebSite\",\"@id\":\"https:\\\/\\\/roedkaergaard.dk\\\/en\\\/#website\",\"url\":\"https:\\\/\\\/roedkaergaard.dk\\\/en\\\/\",\"name\":\"Overnatning n\u00e6r Kerteminde\",\"description\":\"Et godt sted at overnatte, t\u00e6t p\u00e5 byen, p\u00e5 landet\",\"publisher\":{\"@id\":\"https:\\\/\\\/roedkaergaard.dk\\\/en\\\/#organization\"},\"potentialAction\":[{\"@type\":\"SearchAction\",\"target\":{\"@type\":\"EntryPoint\",\"urlTemplate\":\"https:\\\/\\\/roedkaergaard.dk\\\/en\\\/?s={search_term_string}\"},\"query-input\":{\"@type\":\"PropertyValueSpecification\",\"valueRequired\":true,\"valueName\":\"search_term_string\"}}],\"inLanguage\":\"de\"},{\"@type\":\"Organization\",\"@id\":\"https:\\\/\\\/roedkaergaard.dk\\\/en\\\/#organization\",\"name\":\"Overnatning n\u00e6r Kerteminde\",\"url\":\"https:\\\/\\\/roedkaergaard.dk\\\/en\\\/\",\"logo\":{\"@type\":\"ImageObject\",\"inLanguage\":\"de\",\"@id\":\"https:\\\/\\\/roedkaergaard.dk\\\/en\\\/#\\\/schema\\\/logo\\\/image\\\/\",\"url\":\"https:\\\/\\\/roedkaergaard.dk\\\/wp-content\\\/uploads\\\/2017\\\/04\\\/logo-roedkaregard-overnatning.png\",\"contentUrl\":\"https:\\\/\\\/roedkaergaard.dk\\\/wp-content\\\/uploads\\\/2017\\\/04\\\/logo-roedkaregard-overnatning.png\",\"width\":800,\"height\":230,\"caption\":\"Overnatning n\u00e6r Kerteminde\"},\"image\":{\"@id\":\"https:\\\/\\\/roedkaergaard.dk\\\/en\\\/#\\\/schema\\\/logo\\\/image\\\/\"},\"sameAs\":[\"https:\\\/\\\/www.facebook.com\\\/roedkaergaard\",\"https:\\\/\\\/www.instagram.com\\\/roedkaergaard_bedandbreakfast\\\/\"]}]}<\/script>\n<!-- \/ Yoast SEO plugin. -->","yoast_head_json":{"title":"\u00dcbernachtung bei Kerteminde, in friedlicher Umgebung","description":"\u00dcbernachtung auf einem alten Familienbetrieb mit herrlichem Blick auf den Kerteminde-Fjord. Privates Bad f\u00fcr alle G\u00e4ste.","robots":{"index":"index","follow":"follow","max-snippet":"max-snippet:-1","max-image-preview":"max-image-preview:large","max-video-preview":"max-video-preview:-1"},"canonical":"https:\/\/roedkaergaard.dk\/de\/","og_locale":"de_DE","og_type":"article","og_title":"\u00dcbernachtung bei Kerteminde, in friedlicher Umgebung","og_description":"\u00dcbernachtung auf einem alten Familienbetrieb mit herrlichem Blick auf den Kerteminde-Fjord. Privates Bad f\u00fcr alle G\u00e4ste.","og_url":"https:\/\/roedkaergaard.dk\/de\/","og_site_name":"Overnatning n\u00e6r Kerteminde","article_publisher":"https:\/\/www.facebook.com\/roedkaergaard","article_modified_time":"2026-03-02T20:59:13+00:00","og_image":[{"width":600,"height":450,"url":"https:\/\/roedkaergaard.dk\/wp-content\/uploads\/Indkoersel-overnatning.webp","type":"image\/webp"}],"twitter_card":"summary_large_image","twitter_misc":{"Gesch\u00e4tzte Lesezeit":"7\u00a0Minuten"},"schema":{"@context":"https:\/\/schema.org","@graph":[{"@type":"WebPage","@id":"https:\/\/roedkaergaard.dk\/de\/","url":"https:\/\/roedkaergaard.dk\/de\/","name":"\u00dcbernachtung bei Kerteminde, in friedlicher Umgebung","isPartOf":{"@id":"https:\/\/roedkaergaard.dk\/en\/#website"},"primaryImageOfPage":{"@id":"https:\/\/roedkaergaard.dk\/de\/#primaryimage"},"image":{"@id":"https:\/\/roedkaergaard.dk\/de\/#primaryimage"},"thumbnailUrl":"https:\/\/roedkaergaard.dk\/wp-content\/uploads\/Indkoersel-overnatning.webp","datePublished":"2017-01-25T14:11:52+00:00","dateModified":"2026-03-02T20:59:13+00:00","description":"\u00dcbernachtung auf einem alten Familienbetrieb mit herrlichem Blick auf den Kerteminde-Fjord. Privates Bad f\u00fcr alle G\u00e4ste.","breadcrumb":{"@id":"https:\/\/roedkaergaard.dk\/de\/#breadcrumb"},"inLanguage":"de","potentialAction":[{"@type":"ReadAction","target":["https:\/\/roedkaergaard.dk\/de\/"]}]},{"@type":"ImageObject","inLanguage":"de","@id":"https:\/\/roedkaergaard.dk\/de\/#primaryimage","url":"https:\/\/roedkaergaard.dk\/wp-content\/uploads\/Indkoersel-overnatning.webp","contentUrl":"https:\/\/roedkaergaard.dk\/wp-content\/uploads\/Indkoersel-overnatning.webp","width":600,"height":450,"caption":"Indk\u00f8rsel overnatning p\u00e5 R\u00f8dk\u00e6rg\u00e5rd B&B"},{"@type":"BreadcrumbList","@id":"https:\/\/roedkaergaard.dk\/de\/#breadcrumb","itemListElement":[{"@type":"ListItem","position":1,"name":"Hjem","item":"https:\/\/roedkaergaard.dk\/de\/"},{"@type":"ListItem","position":2,"name":"Startseite"}]},{"@type":"WebSite","@id":"https:\/\/roedkaergaard.dk\/en\/#website","url":"https:\/\/roedkaergaard.dk\/en\/","name":"Overnatning n\u00e6r Kerteminde","description":"Et godt sted at overnatte, t\u00e6t p\u00e5 byen, p\u00e5 landet","publisher":{"@id":"https:\/\/roedkaergaard.dk\/en\/#organization"},"potentialAction":[{"@type":"SearchAction","target":{"@type":"EntryPoint","urlTemplate":"https:\/\/roedkaergaard.dk\/en\/?s={search_term_string}"},"query-input":{"@type":"PropertyValueSpecification","valueRequired":true,"valueName":"search_term_string"}}],"inLanguage":"de"},{"@type":"Organization","@id":"https:\/\/roedkaergaard.dk\/en\/#organization","name":"Overnatning n\u00e6r Kerteminde","url":"https:\/\/roedkaergaard.dk\/en\/","logo":{"@type":"ImageObject","inLanguage":"de","@id":"https:\/\/roedkaergaard.dk\/en\/#\/schema\/logo\/image\/","url":"https:\/\/roedkaergaard.dk\/wp-content\/uploads\/2017\/04\/logo-roedkaregard-overnatning.png","contentUrl":"https:\/\/roedkaergaard.dk\/wp-content\/uploads\/2017\/04\/logo-roedkaregard-overnatning.png","width":800,"height":230,"caption":"Overnatning n\u00e6r Kerteminde"},"image":{"@id":"https:\/\/roedkaergaard.dk\/en\/#\/schema\/logo\/image\/"},"sameAs":["https:\/\/www.facebook.com\/roedkaergaard","https:\/\/www.instagram.com\/roedkaergaard_bedandbreakfast\/"]}]}},"_links":{"self":[{"href":"https:\/\/roedkaergaard.dk\/de\/wp-json\/wp\/v2\/pages\/50","targetHints":{"allow":["GET"]}}],"collection":[{"href":"https:\/\/roedkaergaard.dk\/de\/wp-json\/wp\/v2\/pages"}],"about":[{"href":"https:\/\/roedkaergaard.dk\/de\/wp-json\/wp\/v2\/types\/page"}],"author":[{"embeddable":true,"href":"https:\/\/roedkaergaard.dk\/de\/wp-json\/wp\/v2\/users\/2"}],"replies":[{"embeddable":true,"href":"https:\/\/roedkaergaard.dk\/de\/wp-json\/wp\/v2\/comments?post=50"}],"version-history":[{"count":55,"href":"https:\/\/roedkaergaard.dk\/de\/wp-json\/wp\/v2\/pages\/50\/revisions"}],"predecessor-version":[{"id":8240,"href":"https:\/\/roedkaergaard.dk\/de\/wp-json\/wp\/v2\/pages\/50\/revisions\/8240"}],"wp:featuredmedia":[{"embeddable":true,"href":"https:\/\/roedkaergaard.dk\/de\/wp-json\/wp\/v2\/media\/7721"}],"wp:attachment":[{"href":"https:\/\/roedkaergaard.dk\/de\/wp-json\/wp\/v2\/media?parent=50"}],"curies":[{"name":"wp","href":"https:\/\/api.w.org\/{rel}","templated":true}]}}